{"id":966,"date":"2026-03-27T21:25:38","date_gmt":"2026-03-27T20:25:38","guid":{"rendered":"https:\/\/beeome.fr\/?page_id=966"},"modified":"2026-04-26T20:46:29","modified_gmt":"2026-04-26T18:46:29","slug":"reserver-votre-accompagnement","status":"publish","type":"page","link":"https:\/\/beeome.fr\/index.php\/reserver-votre-accompagnement\/","title":{"rendered":"R\u00e9server votre appel d\u00e9couverte"},"content":{"rendered":"\t\t<div data-elementor-type=\"wp-page\" data-elementor-id=\"966\" class=\"elementor elementor-966\">\n\t\t\t\t<div class=\"elementor-element elementor-element-1aa56e10 e-flex e-con-boxed wpr-particle-no wpr-jarallax-no wpr-parallax-no wpr-sticky-section-no wpr-equal-height-no e-con e-parent\" data-id=\"1aa56e10\" data-element_type=\"container\" data-e-type=\"container\" data-settings=\"{&quot;background_background&quot;:&quot;classic&quot;}\">\n\t\t\t\t\t<div class=\"e-con-inner\">\n\t\t\t\t<div class=\"elementor-element elementor-element-6c5c7f1f elementor-widget elementor-widget-heading\" data-id=\"6c5c7f1f\" data-element_type=\"widget\" data-e-type=\"widget\" data-widget_type=\"heading.default\">\n\t\t\t\t<div class=\"elementor-widget-container\">\n\t\t\t\t\t<h2 class=\"elementor-heading-title elementor-size-default\">R\u00e9server votre accompagnement <\/h2>\t\t\t\t<\/div>\n\t\t\t\t<\/div>\n\t\t\t\t<div class=\"elementor-element elementor-element-49e87a6 elementor-widget__width-initial elementor-widget elementor-widget-text-editor\" data-id=\"49e87a6\" data-element_type=\"widget\" data-e-type=\"widget\" data-widget_type=\"text-editor.default\">\n\t\t\t\t<div class=\"elementor-widget-container\">\n\t\t\t\t\t\t\t\t\t<p><span style=\"font-weight: 400;\">Vous ressentez le poids de l\u2019\u00e9co-anxi\u00e9t\u00e9 sans savoir par o\u00f9 commencer ?<\/span><\/p><p>\u00a0<\/p><p><span style=\"font-weight: 400;\">Cet appel d\u00e9couverte de 30 minutes est con\u00e7u pour vous offrir un premier espace d\u2019\u00e9change.<\/span><\/p><p>\u00a0<\/p><p><span style=\"font-weight: 400;\">Nous prendrons le temps de clarifier ce que vous traversez, d\u2019identifier ce qui vous freine aujourd\u2019hui, et de voir ensemble comment nous pourrions vous accompagner dans votre cheminement.<\/span><\/p><p>\u00a0<\/p><p><span style=\"font-weight: 400;\">Une fois votre cr\u00e9neau r\u00e9serv\u00e9, vous recevrez un e-mail de confirmation. Au plus tard 24h avant votre rendez-vous, vous recevrez le pr\u00e9nom de votre interlocutrice ainsi que le lien de connexion pour la visioconf\u00e9rence, ou le num\u00e9ro qui vous appellera si vous avez opt\u00e9 pour un appel t\u00e9l\u00e9phonique. Nous recommandons la visio pour favoriser un \u00e9change plus humain et de qualit\u00e9, mais le choix vous appartient enti\u00e8rement.<\/span><\/p><p>\u00a0<\/p><p><span style=\"font-weight: 400;\">Si vous ne recevez rien, pensez \u00e0 v\u00e9rifier vos courriers ind\u00e9sirables<\/span><\/p>\t\t\t\t\t\t\t\t<\/div>\n\t\t\t\t<\/div>\n\t\t\t\t<div class=\"elementor-element elementor-element-a1651e8 elementor-widget elementor-widget-html\" data-id=\"a1651e8\" data-element_type=\"widget\" data-e-type=\"widget\" data-widget_type=\"html.default\">\n\t\t\t\t<div class=\"elementor-widget-container\">\n\t\t\t\t\t<script>var ea_settings = {\"trans.service\":\"Service\",\"trans.location\":\"Lieu\",\"trans.worker\":\"Intervenant\",\"trans.service_option\":\"S\\u00e9lectionnez un service\",\"trans.location_option\":\"S\\u00e9lectionnez le lieu\",\"trans.worker_option\":\"S\\u00e9lectionnez un intervenant\",\"trans.customer_search_label\":\"Rechercher un client\",\"trans.done_message\":\"\",\"trans.submit_button_text\":\"Valider\",\"time_format\":\"H[h]mm\",\"trans.currency\":\"\\u20ac\",\"price.hide\":\"1\",\"price.hide.service\":\"0\",\"hide.decimal_in_price\":\"0\",\"datepicker\":\"fr\",\"form.label.above\":\"1\",\"show.iagree\":\"1\",\"show.display_thankyou_note\":\"0\",\"show.customer_search_front\":\"0\",\"customer_search_password_only\":\"0\",\"delete_data_on_uninstall\":\"0\",\"customer_search_roles\":\"[]\",\"cancel.scroll\":\"calendar\",\"compatibility.mode\":\"0\",\"css.off\":\"1\",\"submit.redirect\":\"\",\"advance.redirect\":\"[]\",\"advance_cancel.redirect\":\"[]\",\"block.time\":\"0\",\"cancel_time\":\"\",\"max.appointments\":\"10\",\"pre.reservation\":\"0\",\"currency.before\":\"0\",\"gdpr.on\":\"1\",\"gdpr.label\":\"En utilisant ce formulaire, j'accepte que mes donn\\u00e9es soient collect\\u00e9es et trait\\u00e9es par BeeOme conform\\u00e9ment \\u00e0 sa Politique de confidentialit\\u00e9\",\"gdpr.link\":\"https:\\\/\\\/beeome.fr\\\/index.php\\\/politique-confidentialite\\\/\",\"gdpr.message\":\"Merci d'accepter la politique de confidentialit\\u00e9 pour continuer.\",\"sort.workers-by\":null,\"sort.services-by\":null,\"sort.locations-by\":null,\"order.workers-by\":null,\"order.services-by\":null,\"order.locations-by\":null,\"captcha.site-key\":\"\",\"captcha3.site-key\":\"\",\"label.from_to\":\"0\",\"is_multiple_booking_allowed\":\"1\",\"pending_message\":\"Votre rendez-vous a bien \\u00e9t\\u00e9 soumis et est en attente de validation. Vous serez notifi\\u00e9 d\\u00e8s qu\\u2019il sera confirm\\u00e9.\",\"confirmed_message\":\"Votre rendez-vous est confirm\\u00e9. Merci !\",\"reservation_message\":\"Votre rendez-vous a \\u00e9t\\u00e9 r\\u00e9serv\\u00e9. Vous serez notifi\\u00e9 d\\u00e8s qu\\u2019il sera confirm\\u00e9.\",\"trans.confirmation-title\":\"Merci pour votre r\\u00e9servation !\",\"check\":\"f8a964faa7\",\"scroll_off\":false,\"start_of_week\":\"1\",\"default_date\":\"2026-05-12\",\"min_date\":null,\"max_date\":null,\"show_remaining_slots\":\"0\",\"save_form_content\":true,\"show_week\":\"0\",\"trans.please-select-new-date\":\"Choisissez un autre jour\",\"trans.date-time\":\"Date et horaire\",\"trans.price\":\"Prix\",\"date_format\":\"D MMMM YYYY\",\"default_datetime_format\":\"YYYY-MM-DD HH:mm\",\"trans.nonce-expired\":\"Code de validation du formulaire expir\\u00e9. Merci de rafra\\u00eechir la page pour continuer.\",\"trans.internal-error\":\"Erreur interne ! Veuillez r\\u00e9-essayer.\",\"trans.ajax-call-not-available\":\"Impossible d'accomplir la requ\\u00eate ajax. Merci de r\\u00e9-essayer plus tard.\",\"default.status\":\"pending\",\"default_status_message\":\"Votre rendez-vous a bien \\u00e9t\\u00e9 soumis et est en attente de validation. Vous serez notifi\\u00e9 d\\u00e8s qu\\u2019il sera confirm\\u00e9.\",\"is_user_logged_in\":0,\"allow_customer_search\":0};<\/script><script>var ea_vacations = [];<\/script><script>var ea_service_start_data = [{\"id\":\"1\",\"booking_date_skip\":[\"2026-05-12\",\"2026-05-13\"]}];<\/script><style><\/style><style> body .wp-block-post-content a:not(.wp-element-button) { color: #000000; text-decoration: none !important; } .ea-standard .selected-time { background-color: green !important; color: white !important; } <\/style> <script type=\"text\/template\" id=\"ea-appointments-overview\"> <small id=\"ea-overview-message\"><%- settings['trans.overview-message'] %><\/small> <table> <tbody> <% if(settings['rtl'] == '1') { %> <% if(data.location.indexOf('_') !== 0) { %> <tr class=\"row-location\"> <td class=\"ea-label\"><%- settings['trans.location'] %><\/td> <td class=\"value\"><%- data.location %><\/td> <\/tr> <% } %> <% if(data.service.indexOf('_') !== 0) { %> <tr class=\"row-service\"> <td class=\"ea-label\"><%- settings['trans.service'] %><\/td> <td class=\"value\"><%- data.service %><\/td> <\/tr> <% } %> <% if(data.worker.indexOf('_') !== 0) { %> <tr class=\"row-worker\"> <td class=\"ea-label\"><%- settings['trans.worker'] %><\/td> <td class=\"value\"><%- data.worker %><\/td> <\/tr> <% } %> <% if (settings['price.hide'] !== '1') { %> <tr class=\"row-price\"> <td class=\"ea-label\"><%- settings['trans.price'] %><\/td> <td class=\"value\"><%- settings['hide.decimal_in_price'] == '1' ? Math.round(parseFloat(data.price)) : 55 %> <%- settings['trans.currency'] %><\/td> <\/tr> <% } %> <tr class=\"row-datetime\"> <td class=\"ea-label\"><%- settings['trans.date-time'] %><\/td> <td class=\"value\"><%- data.date %> <%- data.time %><\/td> <\/tr> <% } else { %> <% if(data.location.indexOf('_') !== 0) { %> <tr class=\"row-location\"> <td class=\"ea-label\"><%- settings['trans.location'] %><\/td> <td class=\"value\"><%- data.location %><\/td> <\/tr> <% } %> <% if(data.service.indexOf('_') !== 0) { %> <tr class=\"row-service\"> <td class=\"ea-label\"><%- settings['trans.service'] %><\/td> <td class=\"value\"><%- data.service %><\/td> <\/tr> <% } %> <% if(data.worker.indexOf('_') !== 0) { %> <tr class=\"row-worker\"> <td class=\"ea-label\"><%- settings['trans.worker'] %><\/td> <td class=\"value\"><%- data.worker %><\/td> <\/tr> <% } %> <% if (settings['price.hide'] !== '1') { %> <tr class=\"row-price\"> <td class=\"ea-label\"><%- settings['trans.price'] %><\/td> <% if (settings['currency.before'] == '1') { %> <td class=\"value\"><%- settings['trans.currency'] %><%- settings['hide.decimal_in_price'] == '1' ? Math.round(parseFloat(data.price)) : data.price %><\/td> <% } else { %> <td class=\"value\"><%- settings['hide.decimal_in_price'] == '1' ? Math.round(parseFloat(data.price)) : data.price %><%- settings['trans.currency'] %><\/td> <% } %> <\/tr> <% } %> <tr class=\"row-datetime\"> <td class=\"ea-label\"><%- settings['trans.date-time'] %><\/td> <td class=\"value\"><%- data.date_time %><\/td> <\/tr> <% } %> <\/tbody> <\/table> <div id=\"ea-total-amount\" style=\"display: none;\" data-total=\"<%- data.price %>\"><\/div> <div id=\"ea-meta-data\" data-location=\"<%- data.location %>\" data-service=\"<%- data.service %>\" data-worker=\"<%- data.worker %>\" data-date-time=\"<%- data.date_time %>\" data-currency=\"<%- settings['trans.currency'] %>\"><\/div> <div id=\"ea-success-box\" style=\"display:none; min-width:400px; min-height:340px; margin: 20px auto; padding: 20px; border-radius: 10px; text-align: center; font-family: Arial, sans-serif; box-shadow: 0 0 10px rgba(0, 0, 0, 0.05);\" class=\"ea-confirmation-card\"> <h3 style=\"color: #2b6924; margin-top: 0;\" class=\"ea-confirmation-title\"> <%- settings['trans.confirmation-title'] || \"Thank You for Booking!\" %> <\/h3> <div style=\"margin: 10px 0 20px;\"> <p style=\"font-size: 14px; color: #555; margin-top: 8px; word-wrap: break-word; white-space: normal; max-width: 100%;\" class=\"ea-status-note\"> <\/p> <\/div> <div id=\"ea-overview-details\" style=\"width: 100%; font-size: 14px; color: #000; text-align: left; margin: 0 auto 20px;\"> <\/div> <div id=\"ea-overview-buttons\" style=\"justify-content: center; gap: 10px; margin-top: 15px; flex-wrap: wrap;\"> <a href=\"#\" onclick=\"window.location.reload();\" style=\"padding: 5px 10px; background-color: #333cb7; color: white; text-decoration: none; border-radius: 5px; margin-right: 5px;\" class=\"ea-button-book-again\"> <%- settings['trans.book-again'] || \"Book New Appointment\" %> <\/a> <a id=\"ea-add-to-calendar\" href=\"#\" target=\"_blank\" style=\"background-color: #34A853; color: #fff; padding: 5px 10px; border-radius: 6px; text-decoration: none;\"> Add to Google Calendar <\/a> <\/div> <\/div> <\/script> <script type=\"text\/javascript\"> var ea_ajaxurl = \"https:\/\/beeome.fr\/wp-admin\/admin-ajax.php\"; <\/script> <div class=\"ea-standard\"> <form> <div class=\"step\"> <div class=\"block\"><\/div> <label class=\"ea-label\">Lieu<\/label><select name=\"location\" data-c=\"location\" class=\"filter\"><option value=\"1\" selected=\"selected\">BEEOME<\/option><\/select> <\/div> <div class=\"step\"> <div class=\"block\"><\/div> <label class=\"ea-label\">Service<\/label><select name=\"service\" data-c=\"service\" class=\"filter\" data-currency=\"\u20ac\"><option data-duration=\"30\" data-slot_step=\"30\" data-description=\"\" value=\"1\" selected=\"selected\" data-price='0.00'>Appel d\u00e9couverte<\/option><\/select> <\/div> <div class=\"step\"> <div class=\"block\"><\/div> <label class=\"ea-label\">Intervenant<\/label><select name=\"worker\" data-c=\"worker\" class=\"filter\"><option value=\"7\" selected=\"selected\">BeeOme<\/option><\/select> <\/div> <div class=\"step calendar\" class=\"filter\"> <div class=\"block\"><\/div> <div class=\"date\"><\/div> <\/div> <div class=\"step\" class=\"filter\"> <div class=\"block\"><\/div> <div class=\"time\"><\/div> <\/div> <div class=\"step final\"> <div class=\"ea_hide_show\"> <div class=\"block\"><\/div> <p class=\"section\">Coordonn\u00e9es<\/p> <small>* champs obligatoires<\/small> <br> <p><label>Nom * : <\/label><input class=\"custom-field\" type=\"text\" name=\"name\" data-rule-required=\"true\" data-msg-required=\"Ce champ est obligatoire.\" \/><\/p><p><label>Pr\u00e9nom : <\/label><input class=\"custom-field\" type=\"text\" name=\"prenom\" \/><\/p><p><label>E-mail * : <\/label><input class=\"custom-field\" type=\"text\" name=\"email\" data-rule-required=\"true\" data-msg-required=\"Ce champ est obligatoire.\" data-msg-email=\"Veuillez saisir une adresse e-mail valide\" data-rule-email=\"true\" \/><\/p><p><label>T\u00e9l\u00e9phone * : <\/label><input class=\"custom-field\" type=\"text\" name=\"phone\" data-rule-required=\"true\" data-msg-required=\"Ce champ est obligatoire.\" \/><\/p><p><label>Vous pr\u00e9f\u00e9rez r\u00e9aliser cet appel * : <\/label><select class=\"form-control custom-field\" name=\"vous-preferez-realiser-cet-appel\" data-rule-required=\"true\" data-msg-required=\"Ce champ est obligatoire.\"><option value=\"\">-<\/option><option value=\"En visio conf\u00e9rence (recommand\u00e9)\" >En visio conf\u00e9rence (recommand\u00e9)<\/option><option value=\"En appel t\u00e9l\u00e9phonique\" >En appel t\u00e9l\u00e9phonique<\/option><\/select><\/p><p><label>En quelques mots, comment d\u00e9cririez-vous ce que vous ressentez face \u00e0 la crise \u00e9cologique en ce moment ? * : <\/label><textarea class=\"form-control custom-field\" rows=\"3\" style=\"height: auto;\" name=\"en-quelques-mots-comment-decririez-vous-ce-que-vous-ressentez-face-a-la-crise-ecologique-en-ce-moment\" data-rule-required=\"true\" data-msg-required=\"Ce champ est obligatoire.\"><\/textarea><\/p><p><label>M\u00eame approximativement, savez-vous depuis combien de temps vous ressentez cela * : <\/label><textarea class=\"form-control custom-field\" rows=\"3\" style=\"height: auto;\" name=\"meme-approximativement-savez-vous-depuis-combien-de-temps-vous-ressentez-cela\" data-rule-required=\"true\" data-msg-required=\"Ce champ est obligatoire.\"><\/textarea><\/p><p><label>De quelle fa\u00e7on cela impacte-t-il votre quotidien ? : <\/label><textarea class=\"form-control custom-field\" rows=\"3\" style=\"height: auto;\" name=\"de-quelle-facon-cela-impacte-t-il-votre-quotidien\" ><\/textarea><\/p><p><label>S\u2019il y a quelque chose qu\u2019il vous semble important de communiquer en amont rendez-vous, n\u2019h\u00e9sitez pas \u00e0 l\u2019\u00e9crire ci-dessous : : <\/label><textarea class=\"form-control custom-field\" rows=\"3\" style=\"height: auto;\" name=\"sil-y-a-quelque-chose-quil-vous-semble-important-de-communiquer-en-amont-rendez-vous-nhesitez-pas-a-lecrire-ci-dessous\" ><\/textarea><\/p> <br> <p class=\"section\">R\u00e9capitulatif<\/p> <\/div> <div id=\"booking-overview\"><\/div> <div class=\"ea_hide_show\"> <p> <label style=\"font-size: 65%; width: 80%;\" class=\"i-agree\">J&#039;accepte les conditions g\u00e9n\u00e9rales * : <\/label><input style=\"width: 15%;\" type=\"checkbox\" name=\"iagree\" data-rule-required=\"true\" data-msg-required=\"Vous devez accepter les conditions g\u00e9n\u00e9rales\"> <\/p> <br> <p> <label style=\"font-size: 65%; width: 80%;\" class=\"gdpr\">En utilisant ce formulaire, j&#039;accepte que mes donn\u00e9es soient collect\u00e9es et trait\u00e9es par BeeOme conform\u00e9ment \u00e0 sa Politique de confidentialit\u00e9 * : <\/label><input style=\"width: 15%;\" type=\"checkbox\" name=\"iagree\" data-rule-required=\"true\" data-msg-required=\"Merci d&#039;accepter la politique de confidentialit\u00e9 pour continuer.\"> <\/p> <br> <div style=\"display: inline-flex;\"> <button class=\"ea-btn ea-submit\" style=\" display:inline-flex; align-items:center; justify-content:center; \">Valider<\/button> <button class=\"ea-btn ea-cancel\">Annuler<\/button> <\/div> <\/div> <\/div> <\/form> <div id=\"ea-loader\"><\/div> <\/div> \t\t\t\t<\/div>\n\t\t\t\t<\/div>\n\t\t\t\t\t<\/div>\n\t\t\t\t<\/div>\n\t\t\t\t<\/div>\n\t\t","protected":false},"excerpt":{"rendered":"<p>R\u00e9server votre accompagnement Vous ressentez le poids de l\u2019\u00e9co-anxi\u00e9t\u00e9 sans savoir par o\u00f9 commencer ? \u00a0 Cet appel d\u00e9couverte de 30 minutes est con\u00e7u pour vous offrir un premier espace d\u2019\u00e9change. \u00a0 Nous prendrons le temps de clarifier ce que vous traversez, d\u2019identifier ce qui vous freine aujourd\u2019hui, et de voir ensemble comment nous pourrions vous accompagner dans votre cheminement. \u00a0 Une fois votre cr\u00e9neau r\u00e9serv\u00e9, vous recevrez un e-mail de confirmation. Au plus tard 24h avant votre rendez-vous, vous recevrez le pr\u00e9nom de votre interlocutrice ainsi que le lien de connexion pour la visioconf\u00e9rence, ou le num\u00e9ro qui vous appellera si vous avez opt\u00e9 pour un appel t\u00e9l\u00e9phonique. Nous recommandons la visio pour favoriser un \u00e9change plus humain et de qualit\u00e9, mais le choix vous appartient enti\u00e8rement. \u00a0 Si vous ne recevez rien, pensez \u00e0 v\u00e9rifier vos courriers ind\u00e9sirables<\/p>\n","protected":false},"author":3,"featured_media":0,"parent":0,"menu_order":0,"comment_status":"closed","ping_status":"closed","template":"","meta":{"footnotes":""},"class_list":["post-966","page","type-page","status-publish","hentry"],"_links":{"self":[{"href":"https:\/\/beeome.fr\/index.php\/wp-json\/wp\/v2\/pages\/966","targetHints":{"allow":["GET"]}}],"collection":[{"href":"https:\/\/beeome.fr\/index.php\/wp-json\/wp\/v2\/pages"}],"about":[{"href":"https:\/\/beeome.fr\/index.php\/wp-json\/wp\/v2\/types\/page"}],"author":[{"embeddable":true,"href":"https:\/\/beeome.fr\/index.php\/wp-json\/wp\/v2\/users\/3"}],"replies":[{"embeddable":true,"href":"https:\/\/beeome.fr\/index.php\/wp-json\/wp\/v2\/comments?post=966"}],"version-history":[{"count":26,"href":"https:\/\/beeome.fr\/index.php\/wp-json\/wp\/v2\/pages\/966\/revisions"}],"predecessor-version":[{"id":2912,"href":"https:\/\/beeome.fr\/index.php\/wp-json\/wp\/v2\/pages\/966\/revisions\/2912"}],"wp:attachment":[{"href":"https:\/\/beeome.fr\/index.php\/wp-json\/wp\/v2\/media?parent=966"}],"curies":[{"name":"wp","href":"https:\/\/api.w.org\/{rel}","templated":true}]}}