{"id":732,"date":"2024-11-12T11:31:39","date_gmt":"2024-11-12T10:31:39","guid":{"rendered":"https:\/\/beeome.fr\/index.php\/lequipe-2\/"},"modified":"2026-05-06T21:56:39","modified_gmt":"2026-05-06T19:56:39","slug":"notre-histoire","status":"publish","type":"page","link":"https:\/\/beeome.fr\/index.php\/notre-histoire\/","title":{"rendered":"Notre histoire"},"content":{"rendered":"\t\t<div data-elementor-type=\"page\" data-elementor-id=\"732\" class=\"elementor elementor-732\">\n\t\t\t\t<div class=\"elementor-element elementor-element-27c95645 e-con-full e-flex wpr-particle-no wpr-jarallax-no wpr-parallax-no wpr-sticky-section-no wpr-equal-height-no e-con e-parent\" data-id=\"27c95645\" data-element_type=\"container\" data-e-type=\"container\" data-settings=\"{&quot;background_background&quot;:&quot;classic&quot;}\">\n\t\t\t\t<div class=\"elementor-element elementor-element-18ae7204 elementor-widget elementor-widget-heading\" data-id=\"18ae7204\" data-element_type=\"widget\" data-e-type=\"widget\" data-widget_type=\"heading.default\">\n\t\t\t\t<div class=\"elementor-widget-container\">\n\t\t\t\t\t<h2 class=\"elementor-heading-title elementor-size-default\">NOTRE HISTOIRE<\/h2>\t\t\t\t<\/div>\n\t\t\t\t<\/div>\n\t\t\t\t<div class=\"elementor-element elementor-element-6d5961fe elementor-widget-divider--view-line elementor-widget elementor-widget-divider\" data-id=\"6d5961fe\" data-element_type=\"widget\" data-e-type=\"widget\" data-widget_type=\"divider.default\">\n\t\t\t\t<div class=\"elementor-widget-container\">\n\t\t\t\t\t\t\t<div class=\"elementor-divider\">\n\t\t\t<span class=\"elementor-divider-separator\">\n\t\t\t\t\t\t<\/span>\n\t\t<\/div>\n\t\t\t\t\t\t<\/div>\n\t\t\t\t<\/div>\n\t\t\t\t<\/div>\n\t\t<div class=\"elementor-element elementor-element-5d6d7e0 e-con-full e-flex wpr-particle-no wpr-jarallax-no wpr-parallax-no wpr-sticky-section-no wpr-equal-height-no e-con e-parent\" data-id=\"5d6d7e0\" data-element_type=\"container\" data-e-type=\"container\">\n\t\t<div class=\"elementor-element elementor-element-57df6aae e-con-full e-flex wpr-particle-no wpr-jarallax-no wpr-parallax-no wpr-sticky-section-no wpr-equal-height-no e-con e-child\" data-id=\"57df6aae\" data-element_type=\"container\" data-e-type=\"container\" data-settings=\"{&quot;background_background&quot;:&quot;classic&quot;}\">\n\t\t\t\t<div class=\"elementor-element elementor-element-3ca7b7df elementor-widget elementor-widget-spacer\" data-id=\"3ca7b7df\" data-element_type=\"widget\" data-e-type=\"widget\" data-widget_type=\"spacer.default\">\n\t\t\t\t<div class=\"elementor-widget-container\">\n\t\t\t\t\t\t\t<div class=\"elementor-spacer\">\n\t\t\t<div class=\"elementor-spacer-inner\"><\/div>\n\t\t<\/div>\n\t\t\t\t\t\t<\/div>\n\t\t\t\t<\/div>\n\t\t\t\t<\/div>\n\t\t<div class=\"elementor-element elementor-element-36dbfb25 e-con-full e-flex wpr-particle-no wpr-jarallax-no wpr-parallax-no wpr-sticky-section-no wpr-equal-height-no e-con e-child\" data-id=\"36dbfb25\" data-element_type=\"container\" data-e-type=\"container\">\n\t\t\t\t<div class=\"elementor-element elementor-element-7f571608 elementor-widget elementor-widget-heading\" data-id=\"7f571608\" data-element_type=\"widget\" data-e-type=\"widget\" data-widget_type=\"heading.default\">\n\t\t\t\t<div class=\"elementor-widget-container\">\n\t\t\t\t\t<h3 class=\"elementor-heading-title elementor-size-default\">Qui sommes-nous ?<\/h3>\t\t\t\t<\/div>\n\t\t\t\t<\/div>\n\t\t\t\t<div class=\"elementor-element elementor-element-4f1c4955 elementor-widget elementor-widget-text-editor\" data-id=\"4f1c4955\" data-element_type=\"widget\" data-e-type=\"widget\" data-widget_type=\"text-editor.default\">\n\t\t\t\t<div class=\"elementor-widget-container\">\n\t\t\t\t\t\t\t\t\t<p><span style=\"font-weight: 400;\">BeeOme, c&rsquo;est l&rsquo;histoire de trois naturalistes qui se sont rencontr\u00e9es en 2019 sur les bancs d&rsquo;une formation en gestion et protection de la nature. Cinq ans plus tard, dans des situations professionnelles qui ne correspondaient plus \u00e0 leurs valeurs, une \u00e9vidence s&rsquo;est impos\u00e9e : cr\u00e9er quelque chose \u00e0 leur image. BeeOme est n\u00e9 en octobre 2024.<\/span><\/p><p><span style=\"font-weight: 400;\">Nous intervenons sur quatre grands domaines : la m\u00e9diation scientifique et la cr\u00e9ation de supports p\u00e9dagogiques, les animations nature et ateliers participatifs, les diagnostics et am\u00e9nagements \u00e9cologiques, ainsi que le conseil et la formation en transition \u00e9cologique. Des missions diverses, mais un fil conducteur : mettre une expertise au service d&rsquo;une \u00e9cologie accessible et engageante.<\/span><\/p>\t\t\t\t\t\t\t\t<\/div>\n\t\t\t\t<\/div>\n\t\t\t\t<div class=\"elementor-element elementor-element-6e0b6fd1 elementor-widget elementor-widget-heading\" data-id=\"6e0b6fd1\" data-element_type=\"widget\" data-e-type=\"widget\" data-widget_type=\"heading.default\">\n\t\t\t\t<div class=\"elementor-widget-container\">\n\t\t\t\t\t<h2 class=\"elementor-heading-title elementor-size-default\">\u201cSi on ne respecte pas la nature, <br>on partira avec.\u201d <br>Cyrulnik<br><\/h2>\t\t\t\t<\/div>\n\t\t\t\t<\/div>\n\t\t\t\t<\/div>\n\t\t\t\t<\/div>\n\t\t<div class=\"elementor-element elementor-element-73bfaeed e-flex e-con-boxed wpr-particle-no wpr-jarallax-no wpr-parallax-no wpr-sticky-section-no wpr-equal-height-no e-con e-parent\" data-id=\"73bfaeed\" data-element_type=\"container\" data-e-type=\"container\" data-settings=\"{&quot;background_background&quot;:&quot;classic&quot;}\">\n\t\t\t\t\t<div class=\"e-con-inner\">\n\t\t\t\t<div class=\"elementor-element elementor-element-59cd1431 elementor-widget elementor-widget-heading\" data-id=\"59cd1431\" data-element_type=\"widget\" data-e-type=\"widget\" data-widget_type=\"heading.default\">\n\t\t\t\t<div class=\"elementor-widget-container\">\n\t\t\t\t\t<h1 class=\"elementor-heading-title elementor-size-default\">L\u2019\u00e9quipe Beeome<\/h1>\t\t\t\t<\/div>\n\t\t\t\t<\/div>\n\t\t\t\t\t<\/div>\n\t\t\t\t<\/div>\n\t\t<div class=\"elementor-element elementor-element-1a79853d e-flex e-con-boxed wpr-particle-no wpr-jarallax-no wpr-parallax-no wpr-sticky-section-no wpr-equal-height-no e-con e-parent\" data-id=\"1a79853d\" data-element_type=\"container\" data-e-type=\"container\" data-settings=\"{&quot;background_background&quot;:&quot;classic&quot;}\">\n\t\t\t\t\t<div class=\"e-con-inner\">\n\t\t<div class=\"elementor-element elementor-element-182fe0c2 e-con-full e-flex wpr-particle-no wpr-jarallax-no wpr-parallax-no wpr-sticky-section-no wpr-equal-height-no e-con e-child\" data-id=\"182fe0c2\" data-element_type=\"container\" data-e-type=\"container\">\n\t\t\t\t<div class=\"elementor-element elementor-element-353ec8a0 elementor-widget elementor-widget-image\" data-id=\"353ec8a0\" data-element_type=\"widget\" data-e-type=\"widget\" data-widget_type=\"image.default\">\n\t\t\t\t<div class=\"elementor-widget-container\">\n\t\t\t\t\t\t\t\t\t\t\t\t\t\t\t<img fetchpriority=\"high\" decoding=\"async\" width=\"684\" height=\"1024\" src=\"https:\/\/beeome.fr\/wp-content\/uploads\/2026\/04\/Photo-Marie-focus-684x1024.jpg\" class=\"attachment-large size-large wp-image-2768\" alt=\"\" srcset=\"https:\/\/beeome.fr\/wp-content\/uploads\/2026\/04\/Photo-Marie-focus-684x1024.jpg 684w, https:\/\/beeome.fr\/wp-content\/uploads\/2026\/04\/Photo-Marie-focus-200x300.jpg 200w, https:\/\/beeome.fr\/wp-content\/uploads\/2026\/04\/Photo-Marie-focus-768x1150.jpg 768w, https:\/\/beeome.fr\/wp-content\/uploads\/2026\/04\/Photo-Marie-focus-1026x1536.jpg 1026w, https:\/\/beeome.fr\/wp-content\/uploads\/2026\/04\/Photo-Marie-focus.jpg 1368w\" sizes=\"(max-width: 684px) 100vw, 684px\" \/>\t\t\t\t\t\t\t\t\t\t\t\t\t\t\t<\/div>\n\t\t\t\t<\/div>\n\t\t\t\t<div class=\"elementor-element elementor-element-4b73f972 elementor-widget elementor-widget-heading\" data-id=\"4b73f972\" data-element_type=\"widget\" data-e-type=\"widget\" data-widget_type=\"heading.default\">\n\t\t\t\t<div class=\"elementor-widget-container\">\n\t\t\t\t\t<h1 class=\"elementor-heading-title elementor-size-default\">Marie Bataillard<\/h1>\t\t\t\t<\/div>\n\t\t\t\t<\/div>\n\t\t\t\t<div class=\"elementor-element elementor-element-3c1f496e elementor-widget elementor-widget-text-editor\" data-id=\"3c1f496e\" data-element_type=\"widget\" data-e-type=\"widget\" data-widget_type=\"text-editor.default\">\n\t\t\t\t<div class=\"elementor-widget-container\">\n\t\t\t\t\t\t\t\t\t<p><span style=\"font-weight: 400;\">Form\u00e9e en psychologie et en \u00e9cologie, j&rsquo;ai une conviction : nous sommes indissociables du vivant, c&rsquo;est physiologique.\u00a0<\/span><\/p><p><span style=\"font-weight: 400;\">J&rsquo;accompagne les personnes et les organisations \u00e0 repenser leurs modes de vie en tenant compte des r\u00e9alit\u00e9s humaines et environnementales.<\/span><\/p>\t\t\t\t\t\t\t\t<\/div>\n\t\t\t\t<\/div>\n\t\t\t\t<\/div>\n\t\t<div class=\"elementor-element elementor-element-4a7d2b27 e-con-full e-flex wpr-particle-no wpr-jarallax-no wpr-parallax-no wpr-sticky-section-no wpr-equal-height-no e-con e-child\" data-id=\"4a7d2b27\" data-element_type=\"container\" data-e-type=\"container\">\n\t\t\t\t<div class=\"elementor-element elementor-element-73cebc4 elementor-widget elementor-widget-image\" data-id=\"73cebc4\" data-element_type=\"widget\" data-e-type=\"widget\" data-widget_type=\"image.default\">\n\t\t\t\t<div class=\"elementor-widget-container\">\n\t\t\t\t\t\t\t\t\t\t\t\t\t\t\t<img decoding=\"async\" width=\"684\" height=\"1024\" src=\"https:\/\/beeome.fr\/wp-content\/uploads\/2026\/04\/Alizee-retouche-focus-684x1024.jpg\" class=\"attachment-large size-large wp-image-2763\" alt=\"\" srcset=\"https:\/\/beeome.fr\/wp-content\/uploads\/2026\/04\/Alizee-retouche-focus-684x1024.jpg 684w, https:\/\/beeome.fr\/wp-content\/uploads\/2026\/04\/Alizee-retouche-focus-200x300.jpg 200w, https:\/\/beeome.fr\/wp-content\/uploads\/2026\/04\/Alizee-retouche-focus-768x1150.jpg 768w, https:\/\/beeome.fr\/wp-content\/uploads\/2026\/04\/Alizee-retouche-focus-1026x1536.jpg 1026w, https:\/\/beeome.fr\/wp-content\/uploads\/2026\/04\/Alizee-retouche-focus.jpg 1368w\" sizes=\"(max-width: 684px) 100vw, 684px\" \/>\t\t\t\t\t\t\t\t\t\t\t\t\t\t\t<\/div>\n\t\t\t\t<\/div>\n\t\t\t\t<div class=\"elementor-element elementor-element-20d9b58d elementor-widget elementor-widget-heading\" data-id=\"20d9b58d\" data-element_type=\"widget\" data-e-type=\"widget\" data-widget_type=\"heading.default\">\n\t\t\t\t<div class=\"elementor-widget-container\">\n\t\t\t\t\t<h1 class=\"elementor-heading-title elementor-size-default\">Aliz\u00e9e Morel<\/h1>\t\t\t\t<\/div>\n\t\t\t\t<\/div>\n\t\t\t\t<div class=\"elementor-element elementor-element-5643ac49 elementor-widget elementor-widget-text-editor\" data-id=\"5643ac49\" data-element_type=\"widget\" data-e-type=\"widget\" data-widget_type=\"text-editor.default\">\n\t\t\t\t<div class=\"elementor-widget-container\">\n\t\t\t\t\t\t\t\t\t<p><span style=\"font-weight: 400;\">Naturaliste de formation, je crois profond\u00e9ment que notre rapport au vivant est trop souvent n\u00e9glig\u00e9.<\/span><\/p><p><span style=\"font-weight: 400;\">Aujourd\u2019hui, j\u2019accompagne chacun \u00e0 r\u00e9apprendre \u00e0 regarder la nature de proximit\u00e9, pas \u00e0 pas, notamment \u00e0 travers la conception de supports p\u00e9dagogiques.<\/span><\/p>\t\t\t\t\t\t\t\t<\/div>\n\t\t\t\t<\/div>\n\t\t\t\t<\/div>\n\t\t<div class=\"elementor-element elementor-element-1838e165 e-con-full e-flex wpr-particle-no wpr-jarallax-no wpr-parallax-no wpr-sticky-section-no wpr-equal-height-no e-con e-child\" data-id=\"1838e165\" data-element_type=\"container\" data-e-type=\"container\">\n\t\t\t\t<div class=\"elementor-element elementor-element-5cdcac96 elementor-widget elementor-widget-image\" data-id=\"5cdcac96\" data-element_type=\"widget\" data-e-type=\"widget\" data-widget_type=\"image.default\">\n\t\t\t\t<div class=\"elementor-widget-container\">\n\t\t\t\t\t\t\t\t\t\t\t\t\t\t\t<img decoding=\"async\" width=\"684\" height=\"1024\" src=\"https:\/\/beeome.fr\/wp-content\/uploads\/2026\/04\/photo-Celia-684x1024.jpg\" class=\"attachment-large size-large wp-image-2756\" alt=\"\" srcset=\"https:\/\/beeome.fr\/wp-content\/uploads\/2026\/04\/photo-Celia-684x1024.jpg 684w, https:\/\/beeome.fr\/wp-content\/uploads\/2026\/04\/photo-Celia-200x300.jpg 200w, https:\/\/beeome.fr\/wp-content\/uploads\/2026\/04\/photo-Celia-768x1150.jpg 768w, https:\/\/beeome.fr\/wp-content\/uploads\/2026\/04\/photo-Celia-1026x1536.jpg 1026w, https:\/\/beeome.fr\/wp-content\/uploads\/2026\/04\/photo-Celia.jpg 1368w\" sizes=\"(max-width: 684px) 100vw, 684px\" \/>\t\t\t\t\t\t\t\t\t\t\t\t\t\t\t<\/div>\n\t\t\t\t<\/div>\n\t\t\t\t<div class=\"elementor-element elementor-element-2712eff2 elementor-widget elementor-widget-heading\" data-id=\"2712eff2\" data-element_type=\"widget\" data-e-type=\"widget\" data-widget_type=\"heading.default\">\n\t\t\t\t<div class=\"elementor-widget-container\">\n\t\t\t\t\t<h1 class=\"elementor-heading-title elementor-size-default\">C\u00e9lia Nunes<\/h1>\t\t\t\t<\/div>\n\t\t\t\t<\/div>\n\t\t\t\t<div class=\"elementor-element elementor-element-3c1a0812 elementor-widget elementor-widget-text-editor\" data-id=\"3c1a0812\" data-element_type=\"widget\" data-e-type=\"widget\" data-widget_type=\"text-editor.default\">\n\t\t\t\t<div class=\"elementor-widget-container\">\n\t\t\t\t\t\t\t\t\t<p><span style=\"font-weight: 400;\">Animatrice nature, je suis convaincue que le lien au vivant na\u00eet lorsqu\u2019on prend le temps de l\u2019observer et de s\u2019y reconnecter.<\/span><\/p><p><span style=\"font-weight: 400;\">\u00c0 force d\u2019observer et d\u2019\u00e9changer sur le terrain, j\u2019ai compris que la reconnexion au vivant est un point de d\u00e9part, mais que c\u2019est dans l\u2019accompagnement que le changement prend forme.<\/span><\/p>\t\t\t\t\t\t\t\t<\/div>\n\t\t\t\t<\/div>\n\t\t\t\t<\/div>\n\t\t\t\t\t<\/div>\n\t\t\t\t<\/div>\n\t\t<div class=\"elementor-element elementor-element-52955c92 e-con-full e-flex wpr-particle-no wpr-jarallax-no wpr-parallax-no wpr-sticky-section-no wpr-equal-height-no e-con e-parent\" data-id=\"52955c92\" data-element_type=\"container\" data-e-type=\"container\">\n\t\t<div class=\"elementor-element elementor-element-53afb915 e-con-full e-flex wpr-particle-no wpr-jarallax-no wpr-parallax-no wpr-sticky-section-no wpr-equal-height-no e-con e-child\" data-id=\"53afb915\" data-element_type=\"container\" data-e-type=\"container\">\n\t\t\t\t<div class=\"elementor-element elementor-element-397649bb elementor-widget elementor-widget-heading\" data-id=\"397649bb\" data-element_type=\"widget\" data-e-type=\"widget\" data-widget_type=\"heading.default\">\n\t\t\t\t<div class=\"elementor-widget-container\">\n\t\t\t\t\t<h3 class=\"elementor-heading-title elementor-size-default\">Nos engagements<\/h3>\t\t\t\t<\/div>\n\t\t\t\t<\/div>\n\t\t\t\t<div class=\"elementor-element elementor-element-a9a8570 elementor-widget elementor-widget-text-editor\" data-id=\"a9a8570\" data-element_type=\"widget\" data-e-type=\"widget\" data-widget_type=\"text-editor.default\">\n\t\t\t\t<div class=\"elementor-widget-container\">\n\t\t\t\t\t\t\t\t\t<p><span style=\"font-weight: 400;\">Quatre valeurs structurent chacune de nos actions :<\/span><\/p><p><span style=\"font-weight: 400;\">\u2714 <\/span><span style=\"font-weight: 400;\">l&rsquo;utilit\u00e9 sociale<\/span><\/p><p><span style=\"font-weight: 400;\">\u2714 <\/span><span style=\"font-weight: 400;\">la rigueur<\/span><\/p><p><span style=\"font-weight: 400;\">\u2714 <\/span><span style=\"font-weight: 400;\">la bienveillance<\/span><\/p><p><span style=\"font-weight: 400;\">\u2714 <\/span><span style=\"font-weight: 400;\">l&rsquo;int\u00e9grit\u00e9<\/span><\/p><p>\u00a0<\/p><p><span style=\"font-weight: 400;\">Concr\u00e8tement, cela signifie que tout ce que nous produisons s&rsquo;appuie sur des sources v\u00e9rifi\u00e9es et actualis\u00e9es, que notre approche s&rsquo;adapte toujours \u00e0 votre contexte et vos besoins, et que nous ne vous proposerons jamais quelque chose que nous ne d\u00e9fendons pas nous-m\u00eames.<\/span><\/p><p>\u00a0<\/p><p><span style=\"font-weight: 400;\">Nous croyons qu&rsquo;informer ne suffit pas : il faut aussi donner envie, cr\u00e9er du lien et accompagner le passage \u00e0 l&rsquo;action. C&rsquo;est ce que nous essayons de faire, \u00e0 notre \u00e9chelle, \u00e0 chaque projet.<\/span><\/p>\t\t\t\t\t\t\t\t<\/div>\n\t\t\t\t<\/div>\n\t\t\t\t<div class=\"elementor-element elementor-element-7105b6b elementor-align-center elementor-widget elementor-widget-button\" data-id=\"7105b6b\" data-element_type=\"widget\" data-e-type=\"widget\" data-widget_type=\"button.default\">\n\t\t\t\t<div class=\"elementor-widget-container\">\n\t\t\t\t\t\t\t\t\t<div class=\"elementor-button-wrapper\">\n\t\t\t\t\t<a class=\"elementor-button elementor-button-link elementor-size-sm\" href=\"https:\/\/beeome.fr\/index.php\/contact\/\">\n\t\t\t\t\t\t<span class=\"elementor-button-content-wrapper\">\n\t\t\t\t\t\t\t\t\t<span class=\"elementor-button-text\">Prendre contact<\/span>\n\t\t\t\t\t<\/span>\n\t\t\t\t\t<\/a>\n\t\t\t\t<\/div>\n\t\t\t\t\t\t\t\t<\/div>\n\t\t\t\t<\/div>\n\t\t\t\t<div class=\"elementor-element elementor-element-221f9747 elementor-widget elementor-widget-heading\" data-id=\"221f9747\" data-element_type=\"widget\" data-e-type=\"widget\" data-widget_type=\"heading.default\">\n\t\t\t\t<div class=\"elementor-widget-container\">\n\t\t\t\t\t<h2 class=\"elementor-heading-title elementor-size-default\">Ces valeurs vous correspondent ? Construisons quelque chose ensemble.<\/h2>\t\t\t\t<\/div>\n\t\t\t\t<\/div>\n\t\t\t\t<\/div>\n\t\t<div class=\"elementor-element elementor-element-c81a3a1 e-con-full e-flex wpr-particle-no wpr-jarallax-no wpr-parallax-no wpr-sticky-section-no wpr-equal-height-no e-con e-child\" data-id=\"c81a3a1\" data-element_type=\"container\" data-e-type=\"container\" data-settings=\"{&quot;background_background&quot;:&quot;classic&quot;}\">\n\t\t\t\t<div class=\"elementor-element elementor-element-7884bf1e elementor-widget elementor-widget-spacer\" data-id=\"7884bf1e\" data-element_type=\"widget\" data-e-type=\"widget\" data-widget_type=\"spacer.default\">\n\t\t\t\t<div class=\"elementor-widget-container\">\n\t\t\t\t\t\t\t<div class=\"elementor-spacer\">\n\t\t\t<div class=\"elementor-spacer-inner\"><\/div>\n\t\t<\/div>\n\t\t\t\t\t\t<\/div>\n\t\t\t\t<\/div>\n\t\t\t\t<\/div>\n\t\t\t\t<\/div>\n\t\t<div class=\"elementor-element elementor-element-3b60a7e e-flex e-con-boxed wpr-particle-no wpr-jarallax-no wpr-parallax-no wpr-sticky-section-no wpr-equal-height-no e-con e-parent\" data-id=\"3b60a7e\" data-element_type=\"container\" data-e-type=\"container\" data-settings=\"{&quot;background_background&quot;:&quot;classic&quot;}\">\n\t\t\t\t\t<div class=\"e-con-inner\">\n\t\t\t\t<div class=\"elementor-element elementor-element-3803df9 elementor-widget elementor-widget-heading\" data-id=\"3803df9\" data-element_type=\"widget\" data-e-type=\"widget\" data-widget_type=\"heading.default\">\n\t\t\t\t<div class=\"elementor-widget-container\">\n\t\t\t\t\t<h3 class=\"elementor-heading-title elementor-size-default\">Notre Exp\u00e9rience<\/h3>\t\t\t\t<\/div>\n\t\t\t\t<\/div>\n\t\t\t\t<div class=\"elementor-element elementor-element-64a0a32 elementor-widget elementor-widget-video\" data-id=\"64a0a32\" data-element_type=\"widget\" data-e-type=\"widget\" data-settings=\"{&quot;youtube_url&quot;:&quot;https:\\\/\\\/www.youtube.com\\\/watch?v=p9lYUpVPWSo&quot;,&quot;video_type&quot;:&quot;youtube&quot;,&quot;controls&quot;:&quot;yes&quot;}\" data-widget_type=\"video.default\">\n\t\t\t\t<div class=\"elementor-widget-container\">\n\t\t\t\t\t\t\t<div class=\"elementor-wrapper elementor-open-inline\">\n\t\t\t<div class=\"elementor-video\"><\/div>\t\t<\/div>\n\t\t\t\t\t\t<\/div>\n\t\t\t\t<\/div>\n\t\t\t\t<div class=\"elementor-element elementor-element-2a63d5f elementor-align-center elementor-widget elementor-widget-button\" data-id=\"2a63d5f\" data-element_type=\"widget\" data-e-type=\"widget\" data-widget_type=\"button.default\">\n\t\t\t\t<div class=\"elementor-widget-container\">\n\t\t\t\t\t\t\t\t\t<div class=\"elementor-button-wrapper\">\n\t\t\t\t\t<a class=\"elementor-button elementor-button-link elementor-size-sm\" href=\"https:\/\/beeome.fr\/index.php\/accompagnement\/\">\n\t\t\t\t\t\t<span class=\"elementor-button-content-wrapper\">\n\t\t\t\t\t\t\t\t\t<span class=\"elementor-button-text\">Je veux en savoir plus<\/span>\n\t\t\t\t\t<\/span>\n\t\t\t\t\t<\/a>\n\t\t\t\t<\/div>\n\t\t\t\t\t\t\t\t<\/div>\n\t\t\t\t<\/div>\n\t\t\t\t\t<\/div>\n\t\t\t\t<\/div>\n\t\t\t\t<\/div>\n\t\t","protected":false},"excerpt":{"rendered":"<p>NOTRE HISTOIRE Qui sommes-nous ? BeeOme, c&rsquo;est l&rsquo;histoire de trois naturalistes qui se sont rencontr\u00e9es en 2019 sur les bancs d&rsquo;une formation en gestion et protection de la nature. Cinq ans plus tard, dans des situations professionnelles qui ne correspondaient plus \u00e0 leurs valeurs, une \u00e9vidence s&rsquo;est impos\u00e9e : cr\u00e9er quelque chose \u00e0 leur image. BeeOme est n\u00e9 en octobre 2024. Nous intervenons sur quatre grands domaines : la m\u00e9diation scientifique et la cr\u00e9ation de supports p\u00e9dagogiques, les animations nature et ateliers participatifs, les diagnostics et am\u00e9nagements \u00e9cologiques, ainsi que le conseil et la formation en transition \u00e9cologique. Des missions diverses, mais un fil conducteur : mettre une expertise au service d&rsquo;une \u00e9cologie accessible et engageante. \u201cSi on ne respecte pas la nature, on partira avec.\u201d Cyrulnik L\u2019\u00e9quipe Beeome Marie Bataillard Form\u00e9e en psychologie et en \u00e9cologie, j&rsquo;ai une conviction : nous sommes indissociables du vivant, c&rsquo;est physiologique.\u00a0 J&rsquo;accompagne les personnes et les organisations \u00e0 repenser leurs modes de vie en tenant compte des r\u00e9alit\u00e9s humaines et environnementales. Aliz\u00e9e Morel Naturaliste de formation, je crois profond\u00e9ment que notre rapport au vivant est trop souvent n\u00e9glig\u00e9. Aujourd\u2019hui, j\u2019accompagne chacun \u00e0 r\u00e9apprendre \u00e0 regarder la nature de proximit\u00e9, pas \u00e0 pas, notamment \u00e0 travers la conception de supports p\u00e9dagogiques. C\u00e9lia Nunes Animatrice nature, je suis convaincue que le lien au vivant na\u00eet lorsqu\u2019on prend le temps de l\u2019observer et de s\u2019y reconnecter. \u00c0 force d\u2019observer et d\u2019\u00e9changer sur le terrain, j\u2019ai compris que la reconnexion au vivant est un point de d\u00e9part, mais que c\u2019est dans l\u2019accompagnement que le changement prend forme. Nos engagements Quatre valeurs structurent chacune de nos actions : \u2714 l&rsquo;utilit\u00e9 sociale \u2714 la rigueur \u2714 la bienveillance \u2714 l&rsquo;int\u00e9grit\u00e9 \u00a0 Concr\u00e8tement, cela signifie que tout ce que nous produisons s&rsquo;appuie sur des sources v\u00e9rifi\u00e9es et actualis\u00e9es, que notre approche s&rsquo;adapte toujours \u00e0 votre contexte et vos besoins, et que nous ne vous proposerons jamais quelque chose que nous ne d\u00e9fendons pas nous-m\u00eames. \u00a0 Nous croyons qu&rsquo;informer ne suffit pas : il faut aussi donner envie, cr\u00e9er du lien et accompagner le passage \u00e0 l&rsquo;action. C&rsquo;est ce que nous essayons de faire, \u00e0 notre \u00e9chelle, \u00e0 chaque projet. Prendre contact Ces valeurs vous correspondent ? Construisons quelque chose ensemble. Notre Exp\u00e9rience Je veux en savoir plus<\/p>\n","protected":false},"author":1,"featured_media":0,"parent":0,"menu_order":0,"comment_status":"closed","ping_status":"closed","template":"","meta":{"footnotes":""},"class_list":["post-732","page","type-page","status-publish","hentry"],"_links":{"self":[{"href":"https:\/\/beeome.fr\/index.php\/wp-json\/wp\/v2\/pages\/732","targetHints":{"allow":["GET"]}}],"collection":[{"href":"https:\/\/beeome.fr\/index.php\/wp-json\/wp\/v2\/pages"}],"about":[{"href":"https:\/\/beeome.fr\/index.php\/wp-json\/wp\/v2\/types\/page"}],"author":[{"embeddable":true,"href":"https:\/\/beeome.fr\/index.php\/wp-json\/wp\/v2\/users\/1"}],"replies":[{"embeddable":true,"href":"https:\/\/beeome.fr\/index.php\/wp-json\/wp\/v2\/comments?post=732"}],"version-history":[{"count":56,"href":"https:\/\/beeome.fr\/index.php\/wp-json\/wp\/v2\/pages\/732\/revisions"}],"predecessor-version":[{"id":3102,"href":"https:\/\/beeome.fr\/index.php\/wp-json\/wp\/v2\/pages\/732\/revisions\/3102"}],"wp:attachment":[{"href":"https:\/\/beeome.fr\/index.php\/wp-json\/wp\/v2\/media?parent=732"}],"curies":[{"name":"wp","href":"https:\/\/api.w.org\/{rel}","templated":true}]}}