{"id":284,"date":"2024-10-31T11:03:00","date_gmt":"2024-10-31T10:03:00","guid":{"rendered":"https:\/\/beeome.fr\/?page_id=284"},"modified":"2026-04-26T20:09:56","modified_gmt":"2026-04-26T18:09:56","slug":"contact","status":"publish","type":"page","link":"https:\/\/beeome.fr\/index.php\/contact\/","title":{"rendered":"Contact"},"content":{"rendered":"\t\t<div data-elementor-type=\"wp-page\" data-elementor-id=\"284\" class=\"elementor elementor-284\">\n\t\t\t\t<div class=\"elementor-element elementor-element-03ef09e e-flex e-con-boxed wpr-particle-no wpr-jarallax-no wpr-parallax-no wpr-sticky-section-no wpr-equal-height-no e-con e-parent\" data-id=\"03ef09e\" data-element_type=\"container\" data-e-type=\"container\" data-settings=\"{&quot;background_background&quot;:&quot;classic&quot;}\">\n\t\t\t\t\t<div class=\"e-con-inner\">\n\t\t\t\t<div class=\"elementor-element elementor-element-c3946d1 elementor-widget elementor-widget-heading\" data-id=\"c3946d1\" data-element_type=\"widget\" data-e-type=\"widget\" data-widget_type=\"heading.default\">\n\t\t\t\t<div class=\"elementor-widget-container\">\n\t\t\t\t\t<h2 class=\"elementor-heading-title elementor-size-default\">Vous avez des questions ?<\/h2>\t\t\t\t<\/div>\n\t\t\t\t<\/div>\n\t\t\t\t<div class=\"elementor-element elementor-element-35e9a56 elementor-widget__width-initial elementor-widget elementor-widget-text-editor\" data-id=\"35e9a56\" data-element_type=\"widget\" data-e-type=\"widget\" data-widget_type=\"text-editor.default\">\n\t\t\t\t<div class=\"elementor-widget-container\">\n\t\t\t\t\t\t\t\t\t<p><span style=\"font-weight: 400;\">Que votre projet soit bien d\u00e9fini ou encore en phase de r\u00e9flexion, nous sommes l\u00e0 pour en parler et l\u2019\u00e9laborer ensemble.<\/span><\/p>\t\t\t\t\t\t\t\t<\/div>\n\t\t\t\t<\/div>\n\t\t\t\t\t<\/div>\n\t\t\t\t<\/div>\n\t\t<div class=\"elementor-element elementor-element-0fd0327 e-con-full e-flex wpr-particle-no wpr-jarallax-no wpr-parallax-no wpr-sticky-section-no wpr-equal-height-no e-con e-parent\" data-id=\"0fd0327\" data-element_type=\"container\" data-e-type=\"container\" data-settings=\"{&quot;background_background&quot;:&quot;classic&quot;}\">\n\t\t<div class=\"elementor-element elementor-element-719dee2 e-con-full e-flex wpr-particle-no wpr-jarallax-no wpr-parallax-no wpr-sticky-section-no wpr-equal-height-no e-con e-child\" data-id=\"719dee2\" data-element_type=\"container\" data-e-type=\"container\">\n\t\t\t\t<div class=\"elementor-element elementor-element-6cb0707 elementor-widget elementor-widget-image\" data-id=\"6cb0707\" data-element_type=\"widget\" data-e-type=\"widget\" data-widget_type=\"image.default\">\n\t\t\t\t<div class=\"elementor-widget-container\">\n\t\t\t\t\t\t\t\t\t\t\t\t\t\t\t<img fetchpriority=\"high\" decoding=\"async\" width=\"874\" height=\"446\" src=\"https:\/\/beeome.fr\/wp-content\/uploads\/2026\/03\/Logo-Blanc-Beige-1.svg\" class=\"attachment-large size-large wp-image-2043\" alt=\"\" \/>\t\t\t\t\t\t\t\t\t\t\t\t\t\t\t<\/div>\n\t\t\t\t<\/div>\n\t\t\t\t<div class=\"elementor-element elementor-element-76fd705 elementor-widget elementor-widget-heading\" data-id=\"76fd705\" data-element_type=\"widget\" data-e-type=\"widget\" data-widget_type=\"heading.default\">\n\t\t\t\t<div class=\"elementor-widget-container\">\n\t\t\t\t\t<h2 class=\"elementor-heading-title elementor-size-default\">Transformer son rapport \u00e0 la nature ; <br>pour mieux vivre, mieux travailler, <br>et agir en coh\u00e9rence avec le vivant.<br>\n<\/h2>\t\t\t\t<\/div>\n\t\t\t\t<\/div>\n\t\t\t\t<div class=\"elementor-element elementor-element-aa5b8f0 elementor-widget elementor-widget-text-editor\" data-id=\"aa5b8f0\" data-element_type=\"widget\" data-e-type=\"widget\" data-widget_type=\"text-editor.default\">\n\t\t\t\t<div class=\"elementor-widget-container\">\n\t\t\t\t\t\t\t\t\t<p><strong>Nos coordonn\u00e9es :<\/strong><\/p><p><strong>Mail<\/strong> : contact@beeome.fr<\/p><p><strong>T\u00e9l\u00e9phone<\/strong>\u00a0: <span style=\"font-weight: 400;\">06 44 96 30 02<\/span><\/p><p><strong>Adresse postale<\/strong> : 16 Rue Cuvier 69006 Lyon<\/p>\t\t\t\t\t\t\t\t<\/div>\n\t\t\t\t<\/div>\n\t\t\t\t<div class=\"elementor-element elementor-element-a775449 e-grid-align-left elementor-shape-rounded elementor-grid-0 elementor-widget elementor-widget-social-icons\" data-id=\"a775449\" data-element_type=\"widget\" data-e-type=\"widget\" data-widget_type=\"social-icons.default\">\n\t\t\t\t<div class=\"elementor-widget-container\">\n\t\t\t\t\t\t\t<div class=\"elementor-social-icons-wrapper elementor-grid\" role=\"list\">\n\t\t\t\t\t\t\t<span class=\"elementor-grid-item\" role=\"listitem\">\n\t\t\t\t\t<a class=\"elementor-icon elementor-social-icon elementor-social-icon-icon-facebook-2 elementor-repeater-item-b2524dd\" href=\"https:\/\/www.facebook.com\/profile.php?id=61561684808156\" target=\"_blank\">\n\t\t\t\t\t\t<span class=\"elementor-screen-only\">Icon-facebook-2<\/span>\n\t\t\t\t\t\t<svg class=\"ekit-svg-icon icon-facebook-2\" viewBox=\"0 0 32 32\" xmlns=\"http:\/\/www.w3.org\/2000\/svg\"><path d=\"M28 0h-24c-2.206 0-4 1.794-4 4v24c0 2.206 1.794 4 4 4h12v-11h-4v-5h4v-4c0-3.314 2.686-6 6-6h4v5h-2c-1.104 0-2-0.104-2 1v4h5l-2 5h-3v11h6c2.206 0 4-1.794 4-4v-24c0-2.206-1.794-4-4-4z\"><\/path><\/svg>\t\t\t\t\t<\/a>\n\t\t\t\t<\/span>\n\t\t\t\t\t\t\t<span class=\"elementor-grid-item\" role=\"listitem\">\n\t\t\t\t\t<a class=\"elementor-icon elementor-social-icon elementor-social-icon-instagram elementor-repeater-item-e6397a9\" href=\"https:\/\/www.instagram.com\/beeome_\/\" target=\"_blank\">\n\t\t\t\t\t\t<span class=\"elementor-screen-only\">Instagram<\/span>\n\t\t\t\t\t\t<svg aria-hidden=\"true\" class=\"e-font-icon-svg e-fab-instagram\" viewBox=\"0 0 448 512\" xmlns=\"http:\/\/www.w3.org\/2000\/svg\"><path d=\"M224.1 141c-63.6 0-114.9 51.3-114.9 114.9s51.3 114.9 114.9 114.9S339 319.5 339 255.9 287.7 141 224.1 141zm0 189.6c-41.1 0-74.7-33.5-74.7-74.7s33.5-74.7 74.7-74.7 74.7 33.5 74.7 74.7-33.6 74.7-74.7 74.7zm146.4-194.3c0 14.9-12 26.8-26.8 26.8-14.9 0-26.8-12-26.8-26.8s12-26.8 26.8-26.8 26.8 12 26.8 26.8zm76.1 27.2c-1.7-35.9-9.9-67.7-36.2-93.9-26.2-26.2-58-34.4-93.9-36.2-37-2.1-147.9-2.1-184.9 0-35.8 1.7-67.6 9.9-93.9 36.1s-34.4 58-36.2 93.9c-2.1 37-2.1 147.9 0 184.9 1.7 35.9 9.9 67.7 36.2 93.9s58 34.4 93.9 36.2c37 2.1 147.9 2.1 184.9 0 35.9-1.7 67.7-9.9 93.9-36.2 26.2-26.2 34.4-58 36.2-93.9 2.1-37 2.1-147.8 0-184.8zM398.8 388c-7.8 19.6-22.9 34.7-42.6 42.6-29.5 11.7-99.5 9-132.1 9s-102.7 2.6-132.1-9c-19.6-7.8-34.7-22.9-42.6-42.6-11.7-29.5-9-99.5-9-132.1s-2.6-102.7 9-132.1c7.8-19.6 22.9-34.7 42.6-42.6 29.5-11.7 99.5-9 132.1-9s102.7-2.6 132.1 9c19.6 7.8 34.7 22.9 42.6 42.6 11.7 29.5 9 99.5 9 132.1s2.7 102.7-9 132.1z\"><\/path><\/svg>\t\t\t\t\t<\/a>\n\t\t\t\t<\/span>\n\t\t\t\t\t\t\t<span class=\"elementor-grid-item\" role=\"listitem\">\n\t\t\t\t\t<a class=\"elementor-icon elementor-social-icon elementor-social-icon-icon-youtube elementor-repeater-item-94a47ec\" target=\"_blank\">\n\t\t\t\t\t\t<span class=\"elementor-screen-only\">Icon-youtube<\/span>\n\t\t\t\t\t\t<svg class=\"ekit-svg-icon icon-youtube\" viewBox=\"0 0 32 32\" xmlns=\"http:\/\/www.w3.org\/2000\/svg\"><path d=\"M29.039 16.601c-0.331-1.437-1.506-2.496-2.92-2.654-3.349-0.374-6.74-0.376-10.114-0.374-3.376-0.002-6.766 0-10.116 0.374-1.414 0.158-2.588 1.218-2.918 2.654-0.471 2.046-0.476 4.279-0.476 6.385s0 4.339 0.471 6.385c0.33 1.436 1.505 2.496 2.919 2.654 3.349 0.374 6.739 0.376 10.115 0.374 3.376 0.002 6.765 0 10.116-0.374 1.414-0.158 2.589-1.218 2.919-2.654 0.47-2.046 0.473-4.279 0.473-6.385s0.003-4.34-0.467-6.385zM10.199 18.186h-1.955v10.389h-1.816v-10.389h-1.919v-1.702h5.691v1.702zM15.131 28.575h-1.634v-0.983c-0.649 0.744-1.265 1.107-1.865 1.107-0.526 0-0.888-0.213-1.052-0.669-0.089-0.272-0.144-0.704-0.144-1.34v-7.124h1.632v6.633c0 0.383 0 0.581 0.015 0.635 0.039 0.253 0.163 0.382 0.382 0.382 0.328 0 0.67-0.252 1.032-0.764v-6.885h1.634l0 9.009zM21.333 25.871c0 0.833-0.056 1.433-0.165 1.815-0.218 0.67-0.655 1.012-1.304 1.012-0.581 0-1.141-0.323-1.687-0.997v0.873h-1.632v-12.091h1.632v3.949c0.527-0.649 1.087-0.977 1.687-0.977 0.649 0 1.086 0.342 1.304 1.016 0.11 0.362 0.165 0.958 0.165 1.811v3.588zM27.493 24.368h-3.265v1.597c0 0.834 0.273 1.25 0.834 1.25 0.402 0 0.636-0.218 0.729-0.655 0.015-0.089 0.037-0.451 0.037-1.106h1.665v0.238c0 0.526-0.020 0.889-0.035 1.052-0.055 0.361-0.183 0.689-0.381 0.978-0.452 0.654-1.122 0.977-1.974 0.977-0.854 0-1.504-0.307-1.976-0.922-0.346-0.451-0.524-1.161-0.524-2.118v-3.155c0-0.963 0.158-1.667 0.505-2.123 0.471-0.617 1.121-0.924 1.955-0.924 0.819 0 1.468 0.307 1.926 0.924 0.342 0.455 0.505 1.16 0.505 2.123v1.865h-0.001zM25.048 20.926c-0.546 0-0.819 0.417-0.819 1.25v0.834h1.632v-0.834c-0-0.833-0.273-1.25-0.813-1.25zM18.99 20.926c-0.269 0-0.541 0.127-0.814 0.397v5.491c0.272 0.273 0.545 0.402 0.814 0.402 0.471 0 0.71-0.402 0.71-1.216v-3.845c0-0.812-0.239-1.229-0.71-1.229zM19.902 12.742c0.602 0 1.228-0.366 1.884-1.118v0.993h1.65v-9.104h-1.65v6.959c-0.366 0.517-0.712 0.772-1.042 0.772-0.221 0-0.351-0.131-0.387-0.386-0.020-0.054-0.020-0.255-0.020-0.641v-6.703h-1.645v7.199c0 0.643 0.055 1.078 0.146 1.354 0.166 0.461 0.532 0.677 1.063 0.677zM8.417 7.669v4.948h1.829v-4.948l2.201-7.269h-1.85l-1.248 4.798-1.299-4.798h-1.925c0.386 1.132 0.787 2.271 1.173 3.404 0.587 1.704 0.953 2.988 1.119 3.865zM14.899 12.742c0.826 0 1.469-0.311 1.924-0.932 0.346-0.456 0.512-1.173 0.512-2.141v-3.188c0-0.973-0.166-1.685-0.512-2.145-0.456-0.623-1.098-0.934-1.924-0.934-0.822 0-1.464 0.311-1.921 0.934-0.35 0.46-0.516 1.171-0.516 2.145v3.188c0 0.968 0.166 1.685 0.516 2.141 0.456 0.621 1.099 0.932 1.921 0.932zM14.112 6.15c0-0.842 0.255-1.262 0.787-1.262s0.787 0.42 0.787 1.262v3.83c0 0.842-0.255 1.264-0.787 1.264s-0.787-0.421-0.787-1.264v-3.83z\"><\/path><\/svg>\t\t\t\t\t<\/a>\n\t\t\t\t<\/span>\n\t\t\t\t\t\t\t<span class=\"elementor-grid-item\" role=\"listitem\">\n\t\t\t\t\t<a class=\"elementor-icon elementor-social-icon elementor-social-icon-linkedin elementor-repeater-item-bed4a8d\" href=\"https:\/\/www.linkedin.com\/company\/beeeome\/\" target=\"_blank\">\n\t\t\t\t\t\t<span class=\"elementor-screen-only\">Linkedin<\/span>\n\t\t\t\t\t\t<svg aria-hidden=\"true\" class=\"e-font-icon-svg e-fab-linkedin\" viewBox=\"0 0 448 512\" xmlns=\"http:\/\/www.w3.org\/2000\/svg\"><path d=\"M416 32H31.9C14.3 32 0 46.5 0 64.3v383.4C0 465.5 14.3 480 31.9 480H416c17.6 0 32-14.5 32-32.3V64.3c0-17.8-14.4-32.3-32-32.3zM135.4 416H69V202.2h66.5V416zm-33.2-243c-21.3 0-38.5-17.3-38.5-38.5S80.9 96 102.2 96c21.2 0 38.5 17.3 38.5 38.5 0 21.3-17.2 38.5-38.5 38.5zm282.1 243h-66.4V312c0-24.8-.5-56.7-34.5-56.7-34.6 0-39.9 27-39.9 54.9V416h-66.4V202.2h63.7v29.2h.9c8.9-16.8 30.6-34.5 62.9-34.5 67.2 0 79.7 44.3 79.7 101.9V416z\"><\/path><\/svg>\t\t\t\t\t<\/a>\n\t\t\t\t<\/span>\n\t\t\t\t\t\t\t<span class=\"elementor-grid-item\" role=\"listitem\">\n\t\t\t\t\t<a class=\"elementor-icon elementor-social-icon elementor-social-icon-icon-tiktok-square elementor-repeater-item-7ec10ea\" href=\"https:\/\/www.tiktok.com\/@beeome_\" target=\"_blank\">\n\t\t\t\t\t\t<span class=\"elementor-screen-only\">Icon-tiktok-square<\/span>\n\t\t\t\t\t\t<svg class=\"ekit-svg-icon icon-tiktok-square\" viewBox=\"0 0 32 32\" xmlns=\"http:\/\/www.w3.org\/2000\/svg\"><path d=\"M6 2.333h20c2.025 0 3.667 1.642 3.667 3.667v20c0 2.025-1.642 3.667-3.667 3.667h-20c-2.025 0-3.667-1.642-3.667-3.667v-20c0-2.025 1.642-3.667 3.667-3.667zM19.333 8c0-0.736-0.597-1.333-1.333-1.333s-1.333 0.597-1.333 1.333v11.333c0 1.841-1.492 3.333-3.333 3.333s-3.333-1.492-3.333-3.333c0-1.841 1.492-3.333 3.333-3.333 0.736 0 1.333-0.597 1.333-1.333s-0.597-1.333-1.333-1.333c-3.314 0-6 2.686-6 6s2.686 6 6 6c3.314 0 6-2.686 6-6v-6.583c1.155 0.79 2.57 1.249 4 1.249 0.736 0 1.333-0.597 1.333-1.333s-0.597-1.333-1.333-1.333c-1.014 0-2.047-0.386-2.813-1.024-0.759-0.633-1.187-1.447-1.187-2.309z\"><\/path><\/svg>\t\t\t\t\t<\/a>\n\t\t\t\t<\/span>\n\t\t\t\t\t\t\t<span class=\"elementor-grid-item\" role=\"listitem\">\n\t\t\t\t\t<a class=\"elementor-icon elementor-social-icon elementor-social-icon-meetup elementor-repeater-item-d564d7f\" href=\"https:\/\/www.meetup.com\/beeome-agir-pour-et-avec-la-nature\/\" target=\"_blank\">\n\t\t\t\t\t\t<span class=\"elementor-screen-only\">Meetup<\/span>\n\t\t\t\t\t\t<svg aria-hidden=\"true\" class=\"e-font-icon-svg e-fab-meetup\" viewBox=\"0 0 512 512\" xmlns=\"http:\/\/www.w3.org\/2000\/svg\"><path d=\"M99 414.3c1.1 5.7-2.3 11.1-8 12.3-5.4 1.1-10.9-2.3-12-8-1.1-5.4 2.3-11.1 7.7-12.3 5.4-1.2 11.1 2.3 12.3 8zm143.1 71.4c-6.3 4.6-8 13.4-3.7 20 4.6 6.6 13.4 8.3 20 3.7 6.3-4.6 8-13.4 3.4-20-4.2-6.5-13.1-8.3-19.7-3.7zm-86-462.3c6.3-1.4 10.3-7.7 8.9-14-1.1-6.6-7.4-10.6-13.7-9.1-6.3 1.4-10.3 7.7-9.1 14 1.4 6.6 7.6 10.6 13.9 9.1zM34.4 226.3c-10-6.9-23.7-4.3-30.6 6-6.9 10-4.3 24 5.7 30.9 10 7.1 23.7 4.6 30.6-5.7 6.9-10.4 4.3-24.1-5.7-31.2zm272-170.9c10.6-6.3 13.7-20 7.7-30.3-6.3-10.6-19.7-14-30-7.7s-13.7 20-7.4 30.6c6 10.3 19.4 13.7 29.7 7.4zm-191.1 58c7.7-5.4 9.4-16 4.3-23.7s-15.7-9.4-23.1-4.3c-7.7 5.4-9.4 16-4.3 23.7 5.1 7.8 15.6 9.5 23.1 4.3zm372.3 156c-7.4 1.7-12.3 9.1-10.6 16.9 1.4 7.4 8.9 12.3 16.3 10.6 7.4-1.4 12.3-8.9 10.6-16.6-1.5-7.4-8.9-12.3-16.3-10.9zm39.7-56.8c-1.1-5.7-6.6-9.1-12-8-5.7 1.1-9.1 6.9-8 12.6 1.1 5.4 6.6 9.1 12.3 8 5.4-1.5 9.1-6.9 7.7-12.6zM447 138.9c-8.6 6-10.6 17.7-4.9 26.3 5.7 8.6 17.4 10.6 26 4.9 8.3-6 10.3-17.7 4.6-26.3-5.7-8.7-17.4-10.9-25.7-4.9zm-6.3 139.4c26.3 43.1 15.1 100-26.3 129.1-17.4 12.3-37.1 17.7-56.9 17.1-12 47.1-69.4 64.6-105.1 32.6-1.1.9-2.6 1.7-3.7 2.9-39.1 27.1-92.3 17.4-119.4-22.3-9.7-14.3-14.6-30.6-15.1-46.9-65.4-10.9-90-94-41.1-139.7-28.3-46.9.6-107.4 53.4-114.9C151.6 70 234.1 38.6 290.1 82c67.4-22.3 136.3 29.4 130.9 101.1 41.1 12.6 52.8 66.9 19.7 95.2zm-70 74.3c-3.1-20.6-40.9-4.6-43.1-27.1-3.1-32 43.7-101.1 40-128-3.4-24-19.4-29.1-33.4-29.4-13.4-.3-16.9 2-21.4 4.6-2.9 1.7-6.6 4.9-11.7-.3-6.3-6-11.1-11.7-19.4-12.9-12.3-2-17.7 2-26.6 9.7-3.4 2.9-12 12.9-20 9.1-3.4-1.7-15.4-7.7-24-11.4-16.3-7.1-40 4.6-48.6 20-12.9 22.9-38 113.1-41.7 125.1-8.6 26.6 10.9 48.6 36.9 47.1 11.1-.6 18.3-4.6 25.4-17.4 4-7.4 41.7-107.7 44.6-112.6 2-3.4 8.9-8 14.6-5.1 5.7 3.1 6.9 9.4 6 15.1-1.1 9.7-28 70.9-28.9 77.7-3.4 22.9 26.9 26.6 38.6 4 3.7-7.1 45.7-92.6 49.4-98.3 4.3-6.3 7.4-8.3 11.7-8 3.1 0 8.3.9 7.1 10.9-1.4 9.4-35.1 72.3-38.9 87.7-4.6 20.6 6.6 41.4 24.9 50.6 11.4 5.7 62.5 15.7 58.5-11.1zm5.7 92.3c-10.3 7.4-12.9 22-5.7 32.6 7.1 10.6 21.4 13.1 32 6 10.6-7.4 13.1-22 6-32.6-7.4-10.6-21.7-13.5-32.3-6z\"><\/path><\/svg>\t\t\t\t\t<\/a>\n\t\t\t\t<\/span>\n\t\t\t\t\t<\/div>\n\t\t\t\t\t\t<\/div>\n\t\t\t\t<\/div>\n\t\t\t\t<\/div>\n\t\t<div class=\"elementor-element elementor-element-3df301f e-con-full e-flex wpr-particle-no wpr-jarallax-no wpr-parallax-no wpr-sticky-section-no wpr-equal-height-no e-con e-child\" data-id=\"3df301f\" data-element_type=\"container\" data-e-type=\"container\" data-settings=\"{&quot;background_background&quot;:&quot;classic&quot;}\">\n\t\t\t\t<div class=\"elementor-element elementor-element-34e0d69 elementor-widget elementor-widget-html\" data-id=\"34e0d69\" data-element_type=\"widget\" data-e-type=\"widget\" data-widget_type=\"html.default\">\n\t\t\t\t<div class=\"elementor-widget-container\">\n\t\t\t\t\t\n<div class=\"wpcf7 no-js\" id=\"wpcf7-f2319-o1\" lang=\"fr-FR\" dir=\"ltr\" data-wpcf7-id=\"2319\">\n<div class=\"screen-reader-response\"><p role=\"status\" aria-live=\"polite\" aria-atomic=\"true\"><\/p> <ul><\/ul><\/div>\n<form action=\"\/index.php\/wp-json\/wp\/v2\/pages\/284#wpcf7-f2319-o1\" method=\"post\" class=\"wpcf7-form init\" aria-label=\"Formulaire de contact\" novalidate=\"novalidate\" data-status=\"init\">\n<fieldset class=\"hidden-fields-container\"><input type=\"hidden\" name=\"_wpcf7\" value=\"2319\" \/><input type=\"hidden\" name=\"_wpcf7_version\" value=\"6.1.5\" \/><input type=\"hidden\" name=\"_wpcf7_locale\" value=\"fr_FR\" \/><input type=\"hidden\" name=\"_wpcf7_unit_tag\" value=\"wpcf7-f2319-o1\" \/><input type=\"hidden\" name=\"_wpcf7_container_post\" value=\"0\" \/><input type=\"hidden\" name=\"_wpcf7_posted_data_hash\" value=\"\" \/>\n<\/fieldset>\n<div class=\"beeome-form\">\n\t<div class=\"form-row\">\n\t\t<div class=\"form-col\">\n\t\t\t<p><label class=\"beeome-label\">NOM *<br \/>\n<span class=\"wpcf7-form-control-wrap\" data-name=\"your-name\"><input size=\"40\" maxlength=\"400\" class=\"wpcf7-form-control wpcf7-text wpcf7-validates-as-required beeome-input\" autocomplete=\"name\" aria-required=\"true\" aria-invalid=\"false\" value=\"\" type=\"text\" name=\"your-name\" \/><\/span><br \/>\n<\/label>\n\t\t\t<\/p>\n\t\t<\/div>\n\t\t<div class=\"form-col\">\n\t\t\t<p><label class=\"beeome-label\">PR\u00c9NOM *<br \/>\n<span class=\"wpcf7-form-control-wrap\" data-name=\"your-firstname\"><input size=\"40\" maxlength=\"400\" class=\"wpcf7-form-control wpcf7-text wpcf7-validates-as-required beeome-input\" aria-required=\"true\" aria-invalid=\"false\" value=\"\" type=\"text\" name=\"your-firstname\" \/><\/span><br \/>\n<\/label>\n\t\t\t<\/p>\n\t\t<\/div>\n\t<\/div>\n\t<p><label class=\"beeome-label\">ADRESSE MAIL *<br \/>\n<span class=\"wpcf7-form-control-wrap\" data-name=\"your-email\"><input size=\"40\" maxlength=\"400\" class=\"wpcf7-form-control wpcf7-email wpcf7-validates-as-required wpcf7-text wpcf7-validates-as-email beeome-input\" autocomplete=\"email\" aria-required=\"true\" aria-invalid=\"false\" value=\"\" type=\"email\" name=\"your-email\" \/><\/span><br \/>\n<\/label><br \/>\n<label class=\"beeome-label\">NUM\u00c9RO DE T\u00c9L\u00c9PHONE<br \/>\n<span class=\"wpcf7-form-control-wrap\" data-name=\"your-phone\"><input size=\"40\" maxlength=\"400\" class=\"wpcf7-form-control wpcf7-tel wpcf7-text wpcf7-validates-as-tel beeome-input\" aria-invalid=\"false\" value=\"\" type=\"tel\" name=\"your-phone\" \/><\/span><br \/>\n<\/label><br \/>\n<label class=\"beeome-label\">OBJET *<br \/>\n<span class=\"wpcf7-form-control-wrap\" data-name=\"your-subject\"><input size=\"40\" maxlength=\"400\" class=\"wpcf7-form-control wpcf7-text wpcf7-validates-as-required beeome-input\" aria-required=\"true\" aria-invalid=\"false\" value=\"\" type=\"text\" name=\"your-subject\" \/><\/span><br \/>\n<\/label><br \/>\n<label class=\"beeome-label\">VOTRE MESSAGE *<br \/>\n<span class=\"wpcf7-form-control-wrap\" data-name=\"your-message\"><textarea cols=\"40\" rows=\"10\" maxlength=\"2000\" class=\"wpcf7-form-control wpcf7-textarea wpcf7-validates-as-required beeome-textarea\" aria-required=\"true\" aria-invalid=\"false\" name=\"your-message\"><\/textarea><\/span><br \/>\n<\/label>\n\t<\/p>\n\t<div class=\"beeome-checkbox\">\n\t\t<p><span class=\"wpcf7-form-control-wrap\" data-name=\"rgpd\"><span class=\"wpcf7-form-control wpcf7-checkbox wpcf7-validates-as-required beeome-check\"><span class=\"wpcf7-list-item first last\"><label><input type=\"checkbox\" name=\"rgpd[]\" value=\"J&#039;ai lu et j&#039;accepte la Politique de confidentialit\u00e9 de BeeOme et consens au traitement de mes donn\u00e9es personnelles dans le cadre de ma demande de contact.\" \/><span class=\"wpcf7-list-item-label\">J&#039;ai lu et j&#039;accepte la Politique de confidentialit\u00e9 de BeeOme et consens au traitement de mes donn\u00e9es personnelles dans le cadre de ma demande de contact.<\/span><\/label><\/span><\/span><\/span><br \/>\n<a href=\"https:\/\/beeome.fr\/index.php\/politique-confidentialite\/\" target=\"_blank\" style=\"font-size:13px; color:#16483E; display:block; margin-top:4px; margin-left:24px;\">\u2192 Lire la Politique de confidentialit\u00e9<\/a>\n\t\t<\/p>\n\t<\/div>\n\t<div class=\"beeome-submit\">\n\t\t<p><input class=\"wpcf7-form-control wpcf7-submit has-spinner beeome-btn\" type=\"submit\" value=\"ENVOYER\" \/>\n\t\t<\/p>\n\t<\/div>\n<\/div><div class=\"wpcf7-response-output\" aria-hidden=\"true\"><\/div>\n<\/form>\n<\/div>\n\n\n<style id=\"i0r7yw\">\n\n\/* Cache le header hero *\/\n.header-hero{\ndisplay:none !important;\n}\n\n\/* Force l'affichage du header principal *\/\n.site-header-beeome{\ndisplay:block !important;\nopacity:1 !important;\nvisibility:visible !important;\n}\n\n<\/style>\t\t\t\t<\/div>\n\t\t\t\t<\/div>\n\t\t\t\t<\/div>\n\t\t\t\t<\/div>\n\t\t<div class=\"elementor-element elementor-element-80d941b e-flex e-con-boxed wpr-particle-no wpr-jarallax-no wpr-parallax-no wpr-sticky-section-no wpr-equal-height-no e-con e-parent\" data-id=\"80d941b\" data-element_type=\"container\" data-e-type=\"container\" data-settings=\"{&quot;background_background&quot;:&quot;classic&quot;}\">\n\t\t\t\t\t<div class=\"e-con-inner\">\n\t\t\t\t<div class=\"elementor-element elementor-element-e7eeb4d elementor-widget elementor-widget-heading\" data-id=\"e7eeb4d\" data-element_type=\"widget\" data-e-type=\"widget\" data-widget_type=\"heading.default\">\n\t\t\t\t<div class=\"elementor-widget-container\">\n\t\t\t\t\t<h2 class=\"elementor-heading-title elementor-size-default\">Pr\u00eat\u00b7e \u00e0 apprivoiser votre \u00e9co-anxi\u00e9t\u00e9 ?<\/h2>\t\t\t\t<\/div>\n\t\t\t\t<\/div>\n\t\t\t\t<div class=\"elementor-element elementor-element-39227373 elementor-widget__width-initial elementor-widget elementor-widget-text-editor\" data-id=\"39227373\" data-element_type=\"widget\" data-e-type=\"widget\" data-widget_type=\"text-editor.default\">\n\t\t\t\t<div class=\"elementor-widget-container\">\n\t\t\t\t\t\t\t\t\t<p><span style=\"font-weight: 400;\">Notre accompagnement est con\u00e7u pour vous aider \u00e0 transformer ce que vous ressentez face aux enjeux \u00e9cologiques en \u00e9lan concret.<\/span><\/p><p><span style=\"font-weight: 400;\">La premi\u00e8re \u00e9tape ? Un appel d\u00e9couverte gratuit de 30 minutes, sans engagement, pour \u00e9changer sur votre situation, comprendre vos besoins et voir ensemble si notre approche vous correspond.<\/span><\/p>\t\t\t\t\t\t\t\t<\/div>\n\t\t\t\t<\/div>\n\t\t\t\t<div class=\"elementor-element elementor-element-ac68db8 elementor-align-center elementor-widget elementor-widget-button\" data-id=\"ac68db8\" data-element_type=\"widget\" data-e-type=\"widget\" data-widget_type=\"button.default\">\n\t\t\t\t<div class=\"elementor-widget-container\">\n\t\t\t\t\t\t\t\t\t<div class=\"elementor-button-wrapper\">\n\t\t\t\t\t<a class=\"elementor-button elementor-button-link elementor-size-sm\" href=\"https:\/\/beeome.fr\/index.php\/reserver-votre-accompagnement\/\">\n\t\t\t\t\t\t<span class=\"elementor-button-content-wrapper\">\n\t\t\t\t\t\t\t\t\t<span class=\"elementor-button-text\">Je me lance<\/span>\n\t\t\t\t\t<\/span>\n\t\t\t\t\t<\/a>\n\t\t\t\t<\/div>\n\t\t\t\t\t\t\t\t<\/div>\n\t\t\t\t<\/div>\n\t\t\t\t<div class=\"elementor-element elementor-element-eae050c elementor-widget__width-initial elementor-widget elementor-widget-text-editor\" data-id=\"eae050c\" data-element_type=\"widget\" data-e-type=\"widget\" data-widget_type=\"text-editor.default\">\n\t\t\t\t<div class=\"elementor-widget-container\">\n\t\t\t\t\t\t\t\t\t<p><i><span style=\"font-weight: 400;\">Gratuit, sans engagement, et peut-\u00eatre le d\u00e9but de quelque chose<\/span><\/i><i><span style=\"font-weight: 400;\">.<\/span><\/i><\/p>\t\t\t\t\t\t\t\t<\/div>\n\t\t\t\t<\/div>\n\t\t\t\t\t<\/div>\n\t\t\t\t<\/div>\n\t\t\t\t<\/div>\n\t\t","protected":false},"excerpt":{"rendered":"<p>Vous avez des questions ? Que votre projet soit bien d\u00e9fini ou encore en phase de r\u00e9flexion, nous sommes l\u00e0 pour en parler et l\u2019\u00e9laborer ensemble. Transformer son rapport \u00e0 la nature ; pour mieux vivre, mieux travailler, et agir en coh\u00e9rence avec le vivant. Nos coordonn\u00e9es : Mail : contact@beeome.fr T\u00e9l\u00e9phone\u00a0: 06 44 96 30 02 Adresse postale : 16 Rue Cuvier 69006 Lyon Icon-facebook-2 Instagram Icon-youtube Linkedin Icon-tiktok-square Meetup Pr\u00eat\u00b7e \u00e0 apprivoiser votre \u00e9co-anxi\u00e9t\u00e9 ? Notre accompagnement est con\u00e7u pour vous aider \u00e0 transformer ce que vous ressentez face aux enjeux \u00e9cologiques en \u00e9lan concret. La premi\u00e8re \u00e9tape ? Un appel d\u00e9couverte gratuit de 30 minutes, sans engagement, pour \u00e9changer sur votre situation, comprendre vos besoins et voir ensemble si notre approche vous correspond. Je me lance Gratuit, sans engagement, et peut-\u00eatre le d\u00e9but de quelque chose.<\/p>\n","protected":false},"author":1,"featured_media":0,"parent":0,"menu_order":0,"comment_status":"closed","ping_status":"closed","template":"","meta":{"footnotes":""},"class_list":["post-284","page","type-page","status-publish","hentry"],"_links":{"self":[{"href":"https:\/\/beeome.fr\/index.php\/wp-json\/wp\/v2\/pages\/284","targetHints":{"allow":["GET"]}}],"collection":[{"href":"https:\/\/beeome.fr\/index.php\/wp-json\/wp\/v2\/pages"}],"about":[{"href":"https:\/\/beeome.fr\/index.php\/wp-json\/wp\/v2\/types\/page"}],"author":[{"embeddable":true,"href":"https:\/\/beeome.fr\/index.php\/wp-json\/wp\/v2\/users\/1"}],"replies":[{"embeddable":true,"href":"https:\/\/beeome.fr\/index.php\/wp-json\/wp\/v2\/comments?post=284"}],"version-history":[{"count":94,"href":"https:\/\/beeome.fr\/index.php\/wp-json\/wp\/v2\/pages\/284\/revisions"}],"predecessor-version":[{"id":2892,"href":"https:\/\/beeome.fr\/index.php\/wp-json\/wp\/v2\/pages\/284\/revisions\/2892"}],"wp:attachment":[{"href":"https:\/\/beeome.fr\/index.php\/wp-json\/wp\/v2\/media?parent=284"}],"curies":[{"name":"wp","href":"https:\/\/api.w.org\/{rel}","templated":true}]}}