{"id":1618,"date":"2025-01-16T15:45:04","date_gmt":"2025-01-16T14:45:04","guid":{"rendered":"https:\/\/beeome.fr\/?page_id=1618"},"modified":"2026-03-09T19:41:24","modified_gmt":"2026-03-09T18:41:24","slug":"politique-cookies-site-internet","status":"publish","type":"page","link":"https:\/\/beeome.fr\/index.php\/politique-cookies-site-internet\/","title":{"rendered":"Cookies"},"content":{"rendered":"\t\t<div data-elementor-type=\"wp-page\" data-elementor-id=\"1618\" class=\"elementor elementor-1618\">\n\t\t\t\t<div class=\"elementor-element elementor-element-a39c72c e-flex e-con-boxed wpr-particle-no wpr-jarallax-no wpr-parallax-no wpr-sticky-section-no wpr-equal-height-no e-con e-parent\" data-id=\"a39c72c\" data-element_type=\"container\" data-e-type=\"container\">\n\t\t\t\t\t<div class=\"e-con-inner\">\n\t\t\t\t<div class=\"elementor-element elementor-element-d48297c elementor-widget elementor-widget-text-editor\" data-id=\"d48297c\" data-element_type=\"widget\" data-e-type=\"widget\" data-widget_type=\"text-editor.default\">\n\t\t\t\t<div class=\"elementor-widget-container\">\n\t\t\t\t\t\t\t\t\t\n<h3 class=\"wp-block-heading\"><strong>Politique de cookies site internet Beeome<\/strong><\/h3>\n\n<p><strong>Derni\u00e8re mise \u00e0 jour : 16\/01\/2025<\/strong><\/p>\n\n<p>Notre <strong>politique de cookies site internet<\/strong> explique comment BeeOme collecte, utilise et g\u00e8re les cookies pour am\u00e9liorer votre exp\u00e9rience utilisateur.. Cette politique explique ce que sont les cookies, comment nous les utilisons et comment vous pouvez les g\u00e9rer.<\/p>\n<hr class=\"wp-block-separator has-alpha-channel-opacity\" \/>\n<h3 class=\"wp-block-heading\"><strong>1. Qu\u2019est-ce qu\u2019un cookie ?<\/strong><\/h3>\n\n<p>Un cookie est un petit fichier texte qui est enregistr\u00e9 sur votre appareil (ordinateur, tablette, smartphone) lorsque vous visitez un site internet. Ces cookies nous permettent de :<\/p>\n\n<ul class=\"wp-block-list\">\n<li>Reconna\u00eetre votre appareil lors de vos visites futures.<\/li>\n\n<li>M\u00e9moriser vos pr\u00e9f\u00e9rences, comme la langue ou les informations de connexion.<\/li>\n\n<li>Collecter des donn\u00e9es anonymes sur la navigation pour am\u00e9liorer nos services.<\/li>\n<\/ul>\n<hr class=\"wp-block-separator has-alpha-channel-opacity\" \/>\n<h3 class=\"wp-block-heading\"><strong>2. Quels cookies utilisons-nous ?<\/strong><\/h3>\n\n<p>Nous utilisons les cat\u00e9gories de cookies suivantes sur notre site :<\/p>\n\n<ul class=\"wp-block-list\">\n<li><strong>Cookies essentiels<\/strong> : Ces cookies sont indispensables pour le bon fonctionnement de notre site et vous permettre d&rsquo;effectuer des achats en ligne. Sans eux, certaines fonctionnalit\u00e9s, comme le panier d\u2019achat ou la connexion \u00e0 votre compte, ne seraient pas possibles.<\/li>\n\n<li><strong>Cookies de performance<\/strong> : Ces cookies collectent des informations anonymes sur la mani\u00e8re dont vous utilisez notre site (par exemple, les pages les plus visit\u00e9es) afin d\u2019am\u00e9liorer son fonctionnement.<\/li>\n\n<li><strong>Cookies fonctionnels<\/strong> : Ces cookies permettent de m\u00e9moriser vos choix (comme votre langue ou r\u00e9gion) pour vous offrir une exp\u00e9rience personnalis\u00e9e.<\/li>\n\n<li><strong>Cookies publicitaires et de suivi<\/strong> : Ces cookies, utilis\u00e9s par nous ou nos partenaires (comme Google Analytics, Facebook Pixel, etc.), collectent des informations pour vous afficher des publicit\u00e9s pertinentes en fonction de vos int\u00e9r\u00eats.<\/li>\n<\/ul>\n<hr class=\"wp-block-separator has-alpha-channel-opacity\" \/>\n<h3 class=\"wp-block-heading\"><strong>3. Cookies tiers<\/strong><\/h3>\n\n<p>Sur notre site, nous utilisons des services fournis par des tiers, comme :<\/p>\n\n<ul class=\"wp-block-list\">\n<li><strong>Google Analytics<\/strong> pour analyser les statistiques de visite.<\/li>\n\n<li><strong>Stripe et PayPal<\/strong> pour faciliter les paiements en ligne.<br \/>Ces services peuvent d\u00e9poser leurs propres cookies sur votre appareil. Nous vous invitons \u00e0 consulter les politiques de confidentialit\u00e9 de ces tiers pour plus de d\u00e9tails.<\/li>\n<\/ul>\n<hr class=\"wp-block-separator has-alpha-channel-opacity\" \/>\n<h3 class=\"wp-block-heading\"><strong>4. Combien de temps conservons-nous les cookies ?<\/strong><\/h3>\n\n<p>La dur\u00e9e de conservation des cookies d\u00e9pend de leur type :<\/p>\n\n<ul class=\"wp-block-list\">\n<li>Les cookies de session sont supprim\u00e9s lorsque vous fermez votre navigateur.<\/li>\n\n<li>Les cookies persistants restent sur votre appareil jusqu\u2019\u00e0 leur date d\u2019expiration ou jusqu\u2019\u00e0 ce que vous les supprimiez.<\/li>\n<\/ul>\n<hr class=\"wp-block-separator has-alpha-channel-opacity\" \/>\n<h3 class=\"wp-block-heading\"><strong>5. G\u00e9rer vos pr\u00e9f\u00e9rences en mati\u00e8re de cookies<\/strong><\/h3>\n\n<p>Lors de votre premi\u00e8re visite sur notre site, une banni\u00e8re de cookies vous informe de leur utilisation. Vous pouvez :<\/p>\n\n<ul class=\"wp-block-list\">\n<li><strong>Accepter tous les cookies<\/strong> : Cela vous garantit une exp\u00e9rience optimale.<\/li>\n\n<li><strong>Refuser les cookies non essentiels<\/strong> : Seuls les cookies indispensables au fonctionnement du site seront utilis\u00e9s.<\/li>\n<\/ul>\n\n<p>Vous pouvez \u00e9galement configurer votre navigateur pour g\u00e9rer les cookies :<\/p>\n\n<ul class=\"wp-block-list\">\n<li>Pour <strong>Google Chrome<\/strong> : <a>lien vers le guide Chrome<\/a><\/li>\n\n<li>Pour <strong>Mozilla Firefox<\/strong> : <a href=\"https:\/\/support.mozilla.org\/fr\/kb\/activer-desactiver-cookies\">lien vers le guide Firefox<\/a><\/li>\n\n<li>Pour <strong>Safari<\/strong> : <a href=\"https:\/\/support.apple.com\/fr-fr\/guide\/safari\/sfri11471\/mac\">lien vers le guide Safari<\/a><\/li>\n\n<li>Pour <strong>Microsoft Edge<\/strong> : <a href=\"https:\/\/support.microsoft.com\/fr-fr\/help\/4027947\/microsoft-edge-delete-cookies\">lien vers le guide Edge<\/a><\/li>\n<\/ul>\n<hr class=\"wp-block-separator has-alpha-channel-opacity\" \/>\n<h3 class=\"wp-block-heading\"><strong>6. Vos droits concernant les cookies<\/strong><\/h3>\n\n<p>Conform\u00e9ment au RGPD, vous avez le droit de :<\/p>\n\n<ul class=\"wp-block-list\">\n<li>Retirer votre consentement \u00e0 tout moment via la banni\u00e8re cookies ou dans vos param\u00e8tres de navigateur.<\/li>\n\n<li>Demander l\u2019acc\u00e8s aux donn\u00e9es collect\u00e9es via les cookies, ou leur suppression.<\/li>\n<\/ul>\n\n<p>Pour en savoir plus sur vos droits, consultez notre page d\u00e9di\u00e9e aux <a href=\"https:\/\/beeome.fr\/index.php\/conditions-de-vente-e-commerce\/\"><strong>Conditions G\u00e9n\u00e9rales de Vente<\/strong> (CGV)<\/a>. Pour exercer vos droits, contactez-nous \u00e0 <strong><strong><a href=\"contact@beeome.fr\">contact@beeome.fr<\/a><\/strong><\/strong>.<\/p>\n<hr class=\"wp-block-separator has-alpha-channel-opacity\" \/>\n<h3 class=\"wp-block-heading\"><strong>7. Mise \u00e0 jour de cette politique<\/strong><\/h3>\n\n<p>Nous pouvons modifier cette politique de cookies pour refl\u00e9ter les changements de nos pratiques ou pour respecter la l\u00e9gislation en vigueur. La derni\u00e8re date de mise \u00e0 jour est indiqu\u00e9e en haut de cette page.<\/p>\n<hr class=\"wp-block-separator has-alpha-channel-opacity\" \/>\n<p>Si vous avez des questions sur l\u2019utilisation des cookies sur notre site, contactez-nous \u00e0 <strong><a href=\"contact@beeome.fr\">contact@beeome.fr<\/a>.<\/strong><\/p>\n\n<p>\u00a0<\/p>\n\t\t\t\t\t\t\t\t<\/div>\n\t\t\t\t<\/div>\n\t\t\t\t\t<\/div>\n\t\t\t\t<\/div>\n\t\t\t\t<\/div>\n\t\t","protected":false},"excerpt":{"rendered":"<p>Politique de cookies site internet Beeome Derni\u00e8re mise \u00e0 jour : 16\/01\/2025 Notre politique de cookies site internet explique comment BeeOme collecte, utilise et g\u00e8re les cookies pour am\u00e9liorer votre exp\u00e9rience utilisateur.. Cette politique explique ce que sont les cookies, comment nous les utilisons et comment vous pouvez les g\u00e9rer. 1. Qu\u2019est-ce qu\u2019un cookie ? Un cookie est un petit fichier texte qui est enregistr\u00e9 sur votre appareil (ordinateur, tablette, smartphone) lorsque vous visitez un site internet. Ces cookies nous permettent de : 2. Quels cookies utilisons-nous ? Nous utilisons les cat\u00e9gories de cookies suivantes sur notre site : 3. Cookies tiers Sur notre site, nous utilisons des services fournis par des tiers, comme : 4. Combien de temps conservons-nous les cookies ? La dur\u00e9e de conservation des cookies d\u00e9pend de leur type : 5. G\u00e9rer vos pr\u00e9f\u00e9rences en mati\u00e8re de cookies Lors de votre premi\u00e8re visite sur notre site, une banni\u00e8re de cookies vous informe de leur utilisation. Vous pouvez : Vous pouvez \u00e9galement configurer votre navigateur pour g\u00e9rer les cookies : 6. Vos droits concernant les cookies Conform\u00e9ment au RGPD, vous avez le droit de : Pour en savoir plus sur vos droits, consultez notre page d\u00e9di\u00e9e aux Conditions G\u00e9n\u00e9rales de Vente (CGV). Pour exercer vos droits, contactez-nous \u00e0 contact@beeome.fr. 7. Mise \u00e0 jour de cette politique Nous pouvons modifier cette politique de cookies pour refl\u00e9ter les changements de nos pratiques ou pour respecter la l\u00e9gislation en vigueur. La derni\u00e8re date de mise \u00e0 jour est indiqu\u00e9e en haut de cette page. Si vous avez des questions sur l\u2019utilisation des cookies sur notre site, contactez-nous \u00e0 contact@beeome.fr. \u00a0<\/p>\n","protected":false},"author":1,"featured_media":0,"parent":0,"menu_order":0,"comment_status":"closed","ping_status":"closed","template":"","meta":{"footnotes":""},"class_list":["post-1618","page","type-page","status-publish","hentry"],"_links":{"self":[{"href":"https:\/\/beeome.fr\/index.php\/wp-json\/wp\/v2\/pages\/1618","targetHints":{"allow":["GET"]}}],"collection":[{"href":"https:\/\/beeome.fr\/index.php\/wp-json\/wp\/v2\/pages"}],"about":[{"href":"https:\/\/beeome.fr\/index.php\/wp-json\/wp\/v2\/types\/page"}],"author":[{"embeddable":true,"href":"https:\/\/beeome.fr\/index.php\/wp-json\/wp\/v2\/users\/1"}],"replies":[{"embeddable":true,"href":"https:\/\/beeome.fr\/index.php\/wp-json\/wp\/v2\/comments?post=1618"}],"version-history":[{"count":5,"href":"https:\/\/beeome.fr\/index.php\/wp-json\/wp\/v2\/pages\/1618\/revisions"}],"predecessor-version":[{"id":2247,"href":"https:\/\/beeome.fr\/index.php\/wp-json\/wp\/v2\/pages\/1618\/revisions\/2247"}],"wp:attachment":[{"href":"https:\/\/beeome.fr\/index.php\/wp-json\/wp\/v2\/media?parent=1618"}],"curies":[{"name":"wp","href":"https:\/\/api.w.org\/{rel}","templated":true}]}}